{"id":1215,"date":"2024-01-11T09:25:21","date_gmt":"2024-01-11T09:25:21","guid":{"rendered":"https:\/\/themexriver.com\/wp\/choicy-wp?post_type=product&amp;p=1215"},"modified":"2024-01-11T09:25:21","modified_gmt":"2024-01-11T09:25:21","slug":"man-shoes","status":"publish","type":"product","link":"https:\/\/marketingpilates.com\/en\/product\/man-shoes\/","title":{"rendered":"Man Shoes"},"content":{"rendered":"<p>Pellentesque habitant morbi tristique senectus et netus et malesuada fames ac turpis egestas. Vestibulum tortor quam, feugiat vitae, ultricies eget, tempor sit amet, ante. Donec eu libero sit amet quam egestas semper. Aenean ultricies mi vitae est. Mauris placerat eleifend leo.<\/p>","protected":false},"excerpt":{"rendered":"<p>Our small, flexible, agile and design-led structures and processes allow us to be highly responsive and innovative. We're made of passionate leaders, strategists, managers.<\/p>","protected":false},"featured_media":1243,"comment_status":"open","ping_status":"closed","template":"","meta":{"inline_featured_image":false,"_monsterinsights_skip_tracking":false,"_monsterinsights_sitenote_active":false,"_monsterinsights_sitenote_note":"","_monsterinsights_sitenote_category":0},"product_cat":[56],"product_tag":[],"class_list":{"0":"post-1215","1":"product","2":"type-product","3":"status-publish","4":"has-post-thumbnail","6":"product_cat-tshirts","8":"first","9":"instock","10":"shipping-taxable","11":"purchasable","12":"product-type-simple"},"yoast_head":"<!-- This site is optimized with the Yoast SEO Premium plugin v22.9 (Yoast SEO v24.2) - https:\/\/yoast.com\/wordpress\/plugins\/seo\/ -->\n<title>Man Shoes - Marketing Pilates<\/title>\n<meta name=\"robots\" content=\"index, follow, max-snippet:-1, max-image-preview:large, max-video-preview:-1\" \/>\n<link rel=\"canonical\" href=\"https:\/\/marketingpilates.com\/en\/product\/man-shoes\/\" \/>\n<meta property=\"og:locale\" content=\"en_US\" \/>\n<meta property=\"og:type\" content=\"article\" \/>\n<meta property=\"og:title\" content=\"Man Shoes\" \/>\n<meta property=\"og:description\" content=\"Our small, flexible, agile and design-led structures and processes allow us to be highly responsive and innovative. We\u2019re made of passionate leaders, strategists, managers.\" \/>\n<meta property=\"og:url\" content=\"https:\/\/marketingpilates.com\/en\/product\/man-shoes\/\" \/>\n<meta property=\"og:site_name\" content=\"Marketing Pilates\" \/>\n<meta name=\"twitter:card\" content=\"summary_large_image\" \/>\n<script type=\"application\/ld+json\" class=\"yoast-schema-graph\">{\"@context\":\"https:\/\/schema.org\",\"@graph\":[{\"@type\":\"WebPage\",\"@id\":\"https:\/\/marketingpilates.com\/product\/man-shoes\/\",\"url\":\"https:\/\/marketingpilates.com\/product\/man-shoes\/\",\"name\":\"Man Shoes - Marketing Pilates\",\"isPartOf\":{\"@id\":\"https:\/\/marketingpilates.com\/#website\"},\"primaryImageOfPage\":{\"@id\":\"https:\/\/marketingpilates.com\/product\/man-shoes\/#primaryimage\"},\"image\":{\"@id\":\"https:\/\/marketingpilates.com\/product\/man-shoes\/#primaryimage\"},\"thumbnailUrl\":\"\",\"datePublished\":\"2024-01-11T09:25:21+00:00\",\"dateModified\":\"2024-01-11T09:25:21+00:00\",\"breadcrumb\":{\"@id\":\"https:\/\/marketingpilates.com\/product\/man-shoes\/#breadcrumb\"},\"inLanguage\":\"en-US\",\"potentialAction\":[{\"@type\":\"ReadAction\",\"target\":[\"https:\/\/marketingpilates.com\/product\/man-shoes\/\"]}]},{\"@type\":\"ImageObject\",\"inLanguage\":\"en-US\",\"@id\":\"https:\/\/marketingpilates.com\/product\/man-shoes\/#primaryimage\",\"url\":\"\",\"contentUrl\":\"\"},{\"@type\":\"BreadcrumbList\",\"@id\":\"https:\/\/marketingpilates.com\/product\/man-shoes\/#breadcrumb\",\"itemListElement\":[{\"@type\":\"ListItem\",\"position\":1,\"name\":\"Strona g\u0142\u00f3wna\",\"item\":\"https:\/\/marketingpilates.com\/\"},{\"@type\":\"ListItem\",\"position\":2,\"name\":\"My account\",\"item\":\"https:\/\/marketingpilates.com\/my-account\/\"},{\"@type\":\"ListItem\",\"position\":3,\"name\":\"Man Shoes\"}]},{\"@type\":\"WebSite\",\"@id\":\"https:\/\/marketingpilates.com\/#website\",\"url\":\"https:\/\/marketingpilates.com\/\",\"name\":\"Marketing Pilates\",\"description\":\"Marketing dla studio pilatesu\",\"publisher\":{\"@id\":\"https:\/\/marketingpilates.com\/#organization\"},\"potentialAction\":[{\"@type\":\"SearchAction\",\"target\":{\"@type\":\"EntryPoint\",\"urlTemplate\":\"https:\/\/marketingpilates.com\/?s={search_term_string}\"},\"query-input\":{\"@type\":\"PropertyValueSpecification\",\"valueRequired\":true,\"valueName\":\"search_term_string\"}}],\"inLanguage\":\"en-US\"},{\"@type\":\"Organization\",\"@id\":\"https:\/\/marketingpilates.com\/#organization\",\"name\":\"Marketing Pilates\",\"alternateName\":\"Marketing dla Pilatesu\",\"url\":\"https:\/\/marketingpilates.com\/\",\"logo\":{\"@type\":\"ImageObject\",\"inLanguage\":\"en-US\",\"@id\":\"https:\/\/marketingpilates.com\/#\/schema\/logo\/image\/\",\"url\":\"https:\/\/marketingpilates.com\/wp-content\/uploads\/2023\/12\/StooodioPilatess-11.png\",\"contentUrl\":\"https:\/\/marketingpilates.com\/wp-content\/uploads\/2023\/12\/StooodioPilatess-11.png\",\"width\":712,\"height\":113,\"caption\":\"Marketing Pilates\"},\"image\":{\"@id\":\"https:\/\/marketingpilates.com\/#\/schema\/logo\/image\/\"},\"description\":\"Pierwsza agencja dla studio pilatesu, pr\u0119\u017cnie dzia\u0142aj\u0105ca od 2022 roku.\"}]}<\/script>\n<!-- \/ Yoast SEO Premium plugin. -->","yoast_head_json":{"title":"Man Shoes - Marketing Pilates","robots":{"index":"index","follow":"follow","max-snippet":"max-snippet:-1","max-image-preview":"max-image-preview:large","max-video-preview":"max-video-preview:-1"},"canonical":"https:\/\/marketingpilates.com\/en\/product\/man-shoes\/","og_locale":"en_US","og_type":"article","og_title":"Man Shoes","og_description":"Our small, flexible, agile and design-led structures and processes allow us to be highly responsive and innovative. We\u2019re made of passionate leaders, strategists, managers.","og_url":"https:\/\/marketingpilates.com\/en\/product\/man-shoes\/","og_site_name":"Marketing Pilates","twitter_card":"summary_large_image","schema":{"@context":"https:\/\/schema.org","@graph":[{"@type":"WebPage","@id":"https:\/\/marketingpilates.com\/product\/man-shoes\/","url":"https:\/\/marketingpilates.com\/product\/man-shoes\/","name":"Man Shoes - Marketing Pilates","isPartOf":{"@id":"https:\/\/marketingpilates.com\/#website"},"primaryImageOfPage":{"@id":"https:\/\/marketingpilates.com\/product\/man-shoes\/#primaryimage"},"image":{"@id":"https:\/\/marketingpilates.com\/product\/man-shoes\/#primaryimage"},"thumbnailUrl":"","datePublished":"2024-01-11T09:25:21+00:00","dateModified":"2024-01-11T09:25:21+00:00","breadcrumb":{"@id":"https:\/\/marketingpilates.com\/product\/man-shoes\/#breadcrumb"},"inLanguage":"en-US","potentialAction":[{"@type":"ReadAction","target":["https:\/\/marketingpilates.com\/product\/man-shoes\/"]}]},{"@type":"ImageObject","inLanguage":"en-US","@id":"https:\/\/marketingpilates.com\/product\/man-shoes\/#primaryimage","url":"","contentUrl":""},{"@type":"BreadcrumbList","@id":"https:\/\/marketingpilates.com\/product\/man-shoes\/#breadcrumb","itemListElement":[{"@type":"ListItem","position":1,"name":"Strona g\u0142\u00f3wna","item":"https:\/\/marketingpilates.com\/"},{"@type":"ListItem","position":2,"name":"My account","item":"https:\/\/marketingpilates.com\/my-account\/"},{"@type":"ListItem","position":3,"name":"Man Shoes"}]},{"@type":"WebSite","@id":"https:\/\/marketingpilates.com\/#website","url":"https:\/\/marketingpilates.com\/","name":"Marketing Pilates","description":"Marketing dla studio pilatesu","publisher":{"@id":"https:\/\/marketingpilates.com\/#organization"},"potentialAction":[{"@type":"SearchAction","target":{"@type":"EntryPoint","urlTemplate":"https:\/\/marketingpilates.com\/?s={search_term_string}"},"query-input":{"@type":"PropertyValueSpecification","valueRequired":true,"valueName":"search_term_string"}}],"inLanguage":"en-US"},{"@type":"Organization","@id":"https:\/\/marketingpilates.com\/#organization","name":"Marketing Pilates","alternateName":"Marketing dla Pilatesu","url":"https:\/\/marketingpilates.com\/","logo":{"@type":"ImageObject","inLanguage":"en-US","@id":"https:\/\/marketingpilates.com\/#\/schema\/logo\/image\/","url":"https:\/\/marketingpilates.com\/wp-content\/uploads\/2023\/12\/StooodioPilatess-11.png","contentUrl":"https:\/\/marketingpilates.com\/wp-content\/uploads\/2023\/12\/StooodioPilatess-11.png","width":712,"height":113,"caption":"Marketing Pilates"},"image":{"@id":"https:\/\/marketingpilates.com\/#\/schema\/logo\/image\/"},"description":"Pierwsza agencja dla studio pilatesu, pr\u0119\u017cnie dzia\u0142aj\u0105ca od 2022 roku."}]}},"_links":{"self":[{"href":"https:\/\/marketingpilates.com\/en\/wp-json\/wp\/v2\/product\/1215","targetHints":{"allow":["GET"]}}],"collection":[{"href":"https:\/\/marketingpilates.com\/en\/wp-json\/wp\/v2\/product"}],"about":[{"href":"https:\/\/marketingpilates.com\/en\/wp-json\/wp\/v2\/types\/product"}],"replies":[{"embeddable":true,"href":"https:\/\/marketingpilates.com\/en\/wp-json\/wp\/v2\/comments?post=1215"}],"wp:featuredmedia":[{"embeddable":true,"href":"https:\/\/marketingpilates.com\/en\/wp-json\/"}],"wp:attachment":[{"href":"https:\/\/marketingpilates.com\/en\/wp-json\/wp\/v2\/media?parent=1215"}],"wp:term":[{"taxonomy":"product_cat","embeddable":true,"href":"https:\/\/marketingpilates.com\/en\/wp-json\/wp\/v2\/product_cat?post=1215"},{"taxonomy":"product_tag","embeddable":true,"href":"https:\/\/marketingpilates.com\/en\/wp-json\/wp\/v2\/product_tag?post=1215"}],"curies":[{"name":"wp","href":"https:\/\/api.w.org\/{rel}","templated":true}]}}