{"id":756,"date":"2024-01-09T06:31:24","date_gmt":"2024-01-09T06:31:24","guid":{"rendered":"https:\/\/themexriver.com\/wp\/choicy-wp?page_id=756"},"modified":"2024-01-09T06:31:24","modified_gmt":"2024-01-09T06:31:24","slug":"project-01","status":"publish","type":"page","link":"https:\/\/marketingpilates.com\/en\/project-01\/","title":{"rendered":"Project 01"},"content":{"rendered":"<div data-elementor-type=\"wp-page\" data-elementor-id=\"756\" class=\"elementor elementor-756\" data-elementor-post-type=\"page\">\n\t\t\t\t\t\t<section class=\"elementor-section elementor-top-section elementor-element elementor-element-36b8716 elementor-section-full_width elementor-section-height-default elementor-section-height-default\" data-id=\"36b8716\" data-element_type=\"section\" data-settings=\"{&quot;background_background&quot;:&quot;classic&quot;}\">\n\t\t\t\t\t\t<div class=\"elementor-container elementor-column-gap-default\">\n\t\t\t\t\t<div class=\"elementor-column elementor-col-100 elementor-top-column elementor-element elementor-element-748714b\" data-id=\"748714b\" data-element_type=\"column\">\n\t\t\t<div class=\"elementor-widget-wrap elementor-element-populated\">\n\t\t\t\t\t\t<section class=\"elementor-section elementor-inner-section elementor-element elementor-element-1543b9a fix elementor-section-boxed elementor-section-height-default elementor-section-height-default\" data-id=\"1543b9a\" data-element_type=\"section\">\n\t\t\t\t\t\t<div class=\"elementor-container elementor-column-gap-default\">\n\t\t\t\t\t<div class=\"elementor-column elementor-col-100 elementor-inner-column elementor-element elementor-element-54d8ebc\" data-id=\"54d8ebc\" data-element_type=\"column\">\n\t\t\t<div class=\"elementor-widget-wrap elementor-element-populated\">\n\t\t\t\t\t\t<div class=\"elementor-element elementor-element-fd9af77 elementor-widget elementor-widget-tx_heading elh-el tx_heading\" data-id=\"fd9af77\" data-element_type=\"widget\" data-settings=\"{&quot;design_style&quot;:&quot;style_1&quot;}\" data-widget_type=\"tx_heading.default\">\n\t\t\t\t<div class=\"elementor-widget-container\">\n\t\t\t\t\t<div class=\"section-title-wrap text-center\">\r\n        <h5 class=\"chy-subtitle-1 tx-subTitle wow fadeInDown isShape\">\r\n        OUR BEST PROJECTS    <\/h5>\r\n    \r\n    <h2 class=\"tx-title chy-title-1 chy-split-text chy-split-in-right\">Our Success Projects <br>\nThat Inspire<\/h2>\r\n    <\/div>\t\t\t\t<\/div>\n\t\t\t\t<\/div>\n\t\t\t\t\t<\/div>\n\t\t<\/div>\n\t\t\t\t\t<\/div>\n\t\t<\/section>\n\t\t\t\t<section class=\"elementor-section elementor-inner-section elementor-element elementor-element-5e976fb elementor-section-boxed elementor-section-height-default elementor-section-height-default\" data-id=\"5e976fb\" data-element_type=\"section\">\n\t\t\t\t\t\t<div class=\"elementor-container elementor-column-gap-custom\">\n\t\t\t\t\t<div class=\"elementor-column elementor-col-100 elementor-inner-column elementor-element elementor-element-18b3da8\" data-id=\"18b3da8\" data-element_type=\"column\">\n\t\t\t<div class=\"elementor-widget-wrap elementor-element-populated\">\n\t\t\t\t\t\t<div class=\"elementor-element elementor-element-1981ed8 elementor-widget elementor-widget-tx_service_list elh-el tx_service_list\" data-id=\"1981ed8\" data-element_type=\"widget\" data-settings=\"{&quot;design_style&quot;:&quot;style_2&quot;}\" data-widget_type=\"tx_service_list.default\">\n\t\t\t\t<div class=\"elementor-widget-container\">\n\t\t\t\t\t<div class=\"position-sticky-item\">\r\n    <div class=\"project-page-item mb-60\">\r\n\r\n                <div class=\"main-img img-cover\">\r\n                            <img decoding=\"async\" src=\"https:\/\/marketingpilates.com\/wp-content\/uploads\/2024\/01\/pp-img-1.jpg\" alt=\"\" \/>\r\n                    <\/div>\r\n        \r\n                <span class=\"chy-heading-1 number\">01<\/span>\r\n        \r\n                <div class=\"btn-position\">\r\n            <a href=\"https:\/\/marketingpilates.com\/en\/projects\/digital-marketing-agency\/\" class=\"pp-btn\" >\r\n                <i aria-hidden=\"true\" class=\"flaticon-right-up\"><\/i>            <\/a>\r\n        <\/div>\r\n        \r\n        <div class=\"content-wrap\">\r\n                        <span class=\"chy-heading-1 subtitle\">marketing<\/span>\r\n            \r\n                        <h3 class=\"chy-heading-1 title\">\r\n                <a href=\"https:\/\/marketingpilates.com\/en\/projects\/digital-marketing-agency\/\">\r\n                    digital marketing agency                <\/a>\r\n            <\/h3>\r\n                    <\/div>\r\n    <\/div>\r\n<\/div>\r\n<div class=\"position-sticky-item\">\r\n    <div class=\"project-page-item mb-60\">\r\n\r\n                <div class=\"main-img img-cover\">\r\n                            <img decoding=\"async\" src=\"https:\/\/marketingpilates.com\/wp-content\/uploads\/2024\/01\/pp-img-2.jpg\" alt=\"\" \/>\r\n                    <\/div>\r\n        \r\n                <span class=\"chy-heading-1 number\">02<\/span>\r\n        \r\n                <div class=\"btn-position\">\r\n            <a href=\"https:\/\/marketingpilates.com\/en\/projects\/digital-marketing-agency\/\" class=\"pp-btn\" >\r\n                <i aria-hidden=\"true\" class=\"flaticon-right-up\"><\/i>            <\/a>\r\n        <\/div>\r\n        \r\n        <div class=\"content-wrap\">\r\n                        <span class=\"chy-heading-1 subtitle\">marketing<\/span>\r\n            \r\n                        <h3 class=\"chy-heading-1 title\">\r\n                <a href=\"https:\/\/marketingpilates.com\/en\/projects\/digital-marketing-agency\/\">\r\n                    Business Consulting                <\/a>\r\n            <\/h3>\r\n                    <\/div>\r\n    <\/div>\r\n<\/div>\r\n<div class=\"position-sticky-item\">\r\n    <div class=\"project-page-item mb-60\">\r\n\r\n                <div class=\"main-img img-cover\">\r\n                            <img decoding=\"async\" src=\"https:\/\/marketingpilates.com\/wp-content\/uploads\/2024\/01\/pp-img-3.jpg\" alt=\"\" \/>\r\n                    <\/div>\r\n        \r\n                <span class=\"chy-heading-1 number\">02<\/span>\r\n        \r\n                <div class=\"btn-position\">\r\n            <a href=\"https:\/\/marketingpilates.com\/en\/projects\/digital-marketing-agency\/\" class=\"pp-btn\" >\r\n                <i aria-hidden=\"true\" class=\"flaticon-right-up\"><\/i>            <\/a>\r\n        <\/div>\r\n        \r\n        <div class=\"content-wrap\">\r\n                        <span class=\"chy-heading-1 subtitle\">marketing<\/span>\r\n            \r\n                        <h3 class=\"chy-heading-1 title\">\r\n                <a href=\"https:\/\/marketingpilates.com\/en\/projects\/digital-marketing-agency\/\">\r\n                    Social Media Marketing                <\/a>\r\n            <\/h3>\r\n                    <\/div>\r\n    <\/div>\r\n<\/div>\r\n<div class=\"position-sticky-item\">\r\n    <div class=\"project-page-item mb-60\">\r\n\r\n                <div class=\"main-img img-cover\">\r\n                            <img decoding=\"async\" src=\"https:\/\/marketingpilates.com\/wp-content\/uploads\/2024\/01\/pp-img-4.jpg\" alt=\"\" \/>\r\n                    <\/div>\r\n        \r\n                <span class=\"chy-heading-1 number\">04<\/span>\r\n        \r\n                <div class=\"btn-position\">\r\n            <a href=\"https:\/\/marketingpilates.com\/en\/projects\/digital-marketing-agency\/\" class=\"pp-btn\" >\r\n                <i aria-hidden=\"true\" class=\"flaticon-right-up\"><\/i>            <\/a>\r\n        <\/div>\r\n        \r\n        <div class=\"content-wrap\">\r\n                        <span class=\"chy-heading-1 subtitle\">marketing<\/span>\r\n            \r\n                        <h3 class=\"chy-heading-1 title\">\r\n                <a href=\"https:\/\/marketingpilates.com\/en\/projects\/digital-marketing-agency\/\">\r\n                    Analytics Research Results in Business                <\/a>\r\n            <\/h3>\r\n                    <\/div>\r\n    <\/div>\r\n<\/div>\r\n<div class=\"position-sticky-item\">\r\n    <div class=\"project-page-item mb-60\">\r\n\r\n                <div class=\"main-img img-cover\">\r\n                            <img decoding=\"async\" src=\"https:\/\/marketingpilates.com\/wp-content\/uploads\/2024\/01\/pp-img-5.jpg\" alt=\"\" \/>\r\n                    <\/div>\r\n        \r\n                <span class=\"chy-heading-1 number\">05<\/span>\r\n        \r\n                <div class=\"btn-position\">\r\n            <a href=\"https:\/\/marketingpilates.com\/en\/projects\/digital-marketing-agency\/\" class=\"pp-btn\" >\r\n                <i aria-hidden=\"true\" class=\"flaticon-right-up\"><\/i>            <\/a>\r\n        <\/div>\r\n        \r\n        <div class=\"content-wrap\">\r\n                        <span class=\"chy-heading-1 subtitle\">marketing<\/span>\r\n            \r\n                        <h3 class=\"chy-heading-1 title\">\r\n                <a href=\"https:\/\/marketingpilates.com\/en\/projects\/digital-marketing-agency\/\">\r\n                    Engine Marketing Composition Design                <\/a>\r\n            <\/h3>\r\n                    <\/div>\r\n    <\/div>\r\n<\/div>\r\n\t\t\t\t<\/div>\n\t\t\t\t<\/div>\n\t\t\t\t\t<\/div>\n\t\t<\/div>\n\t\t\t\t\t<\/div>\n\t\t<\/section>\n\t\t\t\t\t<\/div>\n\t\t<\/div>\n\t\t\t\t\t<\/div>\n\t\t<\/section>\n\t\t\t\t<\/div>","protected":false},"excerpt":{"rendered":"<p>OUR BEST PROJECTS Our Success Projects That Inspire 01 marketing digital marketing agency 02 marketing Business Consulting 02 marketing Social Media Marketing 04 marketing Analytics Research Results in Business 05 marketing Engine Marketing Composition Design<\/p>","protected":false},"author":1,"featured_media":0,"parent":0,"menu_order":0,"comment_status":"closed","ping_status":"closed","template":"elementor_header_footer","meta":{"inline_featured_image":false,"_monsterinsights_skip_tracking":false,"_monsterinsights_sitenote_active":false,"_monsterinsights_sitenote_note":"","_monsterinsights_sitenote_category":0,"footnotes":""},"class_list":["post-756","page","type-page","status-publish","hentry"],"yoast_head":"<!-- This site is optimized with the Yoast SEO Premium plugin v22.9 (Yoast SEO v24.2) - https:\/\/yoast.com\/wordpress\/plugins\/seo\/ -->\n<title>Project 01 - Marketing Pilates<\/title>\n<meta name=\"robots\" content=\"index, follow, max-snippet:-1, max-image-preview:large, max-video-preview:-1\" \/>\n<link rel=\"canonical\" href=\"https:\/\/marketingpilates.com\/en\/project-01\/\" \/>\n<meta property=\"og:locale\" content=\"en_US\" \/>\n<meta property=\"og:type\" content=\"article\" \/>\n<meta property=\"og:title\" content=\"Project 01\" \/>\n<meta property=\"og:description\" content=\"OUR BEST PROJECTS Our Success Projects That Inspire 01 marketing digital marketing agency 02 marketing Business Consulting 02 marketing Social Media Marketing 04 marketing Analytics Research Results in Business 05 marketing Engine Marketing Composition Design\" \/>\n<meta property=\"og:url\" content=\"https:\/\/marketingpilates.com\/en\/project-01\/\" \/>\n<meta property=\"og:site_name\" content=\"Marketing Pilates\" \/>\n<meta property=\"og:image\" content=\"https:\/\/themexriver.com\/wp\/choicy-wpwp-content\/uploads\/2024\/01\/pp-img-1.jpg\" \/>\n<meta name=\"twitter:card\" content=\"summary_large_image\" \/>\n<script type=\"application\/ld+json\" class=\"yoast-schema-graph\">{\"@context\":\"https:\/\/schema.org\",\"@graph\":[{\"@type\":\"WebPage\",\"@id\":\"https:\/\/marketingpilates.com\/project-01\/\",\"url\":\"https:\/\/marketingpilates.com\/project-01\/\",\"name\":\"Project 01 - Marketing Pilates\",\"isPartOf\":{\"@id\":\"https:\/\/marketingpilates.com\/#website\"},\"primaryImageOfPage\":{\"@id\":\"https:\/\/marketingpilates.com\/project-01\/#primaryimage\"},\"image\":{\"@id\":\"https:\/\/marketingpilates.com\/project-01\/#primaryimage\"},\"thumbnailUrl\":\"https:\/\/themexriver.com\/wp\/choicy-wpwp-content\/uploads\/2024\/01\/pp-img-1.jpg\",\"datePublished\":\"2024-01-09T06:31:24+00:00\",\"dateModified\":\"2024-01-09T06:31:24+00:00\",\"breadcrumb\":{\"@id\":\"https:\/\/marketingpilates.com\/project-01\/#breadcrumb\"},\"inLanguage\":\"en-US\",\"potentialAction\":[{\"@type\":\"ReadAction\",\"target\":[\"https:\/\/marketingpilates.com\/project-01\/\"]}]},{\"@type\":\"ImageObject\",\"inLanguage\":\"en-US\",\"@id\":\"https:\/\/marketingpilates.com\/project-01\/#primaryimage\",\"url\":\"https:\/\/themexriver.com\/wp\/choicy-wpwp-content\/uploads\/2024\/01\/pp-img-1.jpg\",\"contentUrl\":\"https:\/\/themexriver.com\/wp\/choicy-wpwp-content\/uploads\/2024\/01\/pp-img-1.jpg\"},{\"@type\":\"BreadcrumbList\",\"@id\":\"https:\/\/marketingpilates.com\/project-01\/#breadcrumb\",\"itemListElement\":[{\"@type\":\"ListItem\",\"position\":1,\"name\":\"Strona g\u0142\u00f3wna\",\"item\":\"https:\/\/marketingpilates.com\/\"},{\"@type\":\"ListItem\",\"position\":2,\"name\":\"Project 01\"}]},{\"@type\":\"WebSite\",\"@id\":\"https:\/\/marketingpilates.com\/#website\",\"url\":\"https:\/\/marketingpilates.com\/\",\"name\":\"Marketing Pilates\",\"description\":\"Marketing dla studio pilatesu\",\"publisher\":{\"@id\":\"https:\/\/marketingpilates.com\/#organization\"},\"potentialAction\":[{\"@type\":\"SearchAction\",\"target\":{\"@type\":\"EntryPoint\",\"urlTemplate\":\"https:\/\/marketingpilates.com\/?s={search_term_string}\"},\"query-input\":{\"@type\":\"PropertyValueSpecification\",\"valueRequired\":true,\"valueName\":\"search_term_string\"}}],\"inLanguage\":\"en-US\"},{\"@type\":\"Organization\",\"@id\":\"https:\/\/marketingpilates.com\/#organization\",\"name\":\"Marketing Pilates\",\"alternateName\":\"Marketing dla Pilatesu\",\"url\":\"https:\/\/marketingpilates.com\/\",\"logo\":{\"@type\":\"ImageObject\",\"inLanguage\":\"en-US\",\"@id\":\"https:\/\/marketingpilates.com\/#\/schema\/logo\/image\/\",\"url\":\"https:\/\/marketingpilates.com\/wp-content\/uploads\/2023\/12\/StooodioPilatess-11.png\",\"contentUrl\":\"https:\/\/marketingpilates.com\/wp-content\/uploads\/2023\/12\/StooodioPilatess-11.png\",\"width\":712,\"height\":113,\"caption\":\"Marketing Pilates\"},\"image\":{\"@id\":\"https:\/\/marketingpilates.com\/#\/schema\/logo\/image\/\"},\"description\":\"Pierwsza agencja dla studio pilatesu, pr\u0119\u017cnie dzia\u0142aj\u0105ca od 2022 roku.\"}]}<\/script>\n<!-- \/ Yoast SEO Premium plugin. -->","yoast_head_json":{"title":"Project 01 - Marketing Pilates","robots":{"index":"index","follow":"follow","max-snippet":"max-snippet:-1","max-image-preview":"max-image-preview:large","max-video-preview":"max-video-preview:-1"},"canonical":"https:\/\/marketingpilates.com\/en\/project-01\/","og_locale":"en_US","og_type":"article","og_title":"Project 01","og_description":"OUR BEST PROJECTS Our Success Projects That Inspire 01 marketing digital marketing agency 02 marketing Business Consulting 02 marketing Social Media Marketing 04 marketing Analytics Research Results in Business 05 marketing Engine Marketing Composition Design","og_url":"https:\/\/marketingpilates.com\/en\/project-01\/","og_site_name":"Marketing Pilates","og_image":[{"url":"https:\/\/themexriver.com\/wp\/choicy-wpwp-content\/uploads\/2024\/01\/pp-img-1.jpg","type":"","width":"","height":""}],"twitter_card":"summary_large_image","schema":{"@context":"https:\/\/schema.org","@graph":[{"@type":"WebPage","@id":"https:\/\/marketingpilates.com\/project-01\/","url":"https:\/\/marketingpilates.com\/project-01\/","name":"Project 01 - Marketing Pilates","isPartOf":{"@id":"https:\/\/marketingpilates.com\/#website"},"primaryImageOfPage":{"@id":"https:\/\/marketingpilates.com\/project-01\/#primaryimage"},"image":{"@id":"https:\/\/marketingpilates.com\/project-01\/#primaryimage"},"thumbnailUrl":"https:\/\/themexriver.com\/wp\/choicy-wpwp-content\/uploads\/2024\/01\/pp-img-1.jpg","datePublished":"2024-01-09T06:31:24+00:00","dateModified":"2024-01-09T06:31:24+00:00","breadcrumb":{"@id":"https:\/\/marketingpilates.com\/project-01\/#breadcrumb"},"inLanguage":"en-US","potentialAction":[{"@type":"ReadAction","target":["https:\/\/marketingpilates.com\/project-01\/"]}]},{"@type":"ImageObject","inLanguage":"en-US","@id":"https:\/\/marketingpilates.com\/project-01\/#primaryimage","url":"https:\/\/themexriver.com\/wp\/choicy-wpwp-content\/uploads\/2024\/01\/pp-img-1.jpg","contentUrl":"https:\/\/themexriver.com\/wp\/choicy-wpwp-content\/uploads\/2024\/01\/pp-img-1.jpg"},{"@type":"BreadcrumbList","@id":"https:\/\/marketingpilates.com\/project-01\/#breadcrumb","itemListElement":[{"@type":"ListItem","position":1,"name":"Strona g\u0142\u00f3wna","item":"https:\/\/marketingpilates.com\/"},{"@type":"ListItem","position":2,"name":"Project 01"}]},{"@type":"WebSite","@id":"https:\/\/marketingpilates.com\/#website","url":"https:\/\/marketingpilates.com\/","name":"Marketing Pilates","description":"Marketing dla studio pilatesu","publisher":{"@id":"https:\/\/marketingpilates.com\/#organization"},"potentialAction":[{"@type":"SearchAction","target":{"@type":"EntryPoint","urlTemplate":"https:\/\/marketingpilates.com\/?s={search_term_string}"},"query-input":{"@type":"PropertyValueSpecification","valueRequired":true,"valueName":"search_term_string"}}],"inLanguage":"en-US"},{"@type":"Organization","@id":"https:\/\/marketingpilates.com\/#organization","name":"Marketing Pilates","alternateName":"Marketing dla Pilatesu","url":"https:\/\/marketingpilates.com\/","logo":{"@type":"ImageObject","inLanguage":"en-US","@id":"https:\/\/marketingpilates.com\/#\/schema\/logo\/image\/","url":"https:\/\/marketingpilates.com\/wp-content\/uploads\/2023\/12\/StooodioPilatess-11.png","contentUrl":"https:\/\/marketingpilates.com\/wp-content\/uploads\/2023\/12\/StooodioPilatess-11.png","width":712,"height":113,"caption":"Marketing Pilates"},"image":{"@id":"https:\/\/marketingpilates.com\/#\/schema\/logo\/image\/"},"description":"Pierwsza agencja dla studio pilatesu, pr\u0119\u017cnie dzia\u0142aj\u0105ca od 2022 roku."}]}},"_links":{"self":[{"href":"https:\/\/marketingpilates.com\/en\/wp-json\/wp\/v2\/pages\/756","targetHints":{"allow":["GET"]}}],"collection":[{"href":"https:\/\/marketingpilates.com\/en\/wp-json\/wp\/v2\/pages"}],"about":[{"href":"https:\/\/marketingpilates.com\/en\/wp-json\/wp\/v2\/types\/page"}],"author":[{"embeddable":true,"href":"https:\/\/marketingpilates.com\/en\/wp-json\/wp\/v2\/users\/1"}],"replies":[{"embeddable":true,"href":"https:\/\/marketingpilates.com\/en\/wp-json\/wp\/v2\/comments?post=756"}],"version-history":[{"count":0,"href":"https:\/\/marketingpilates.com\/en\/wp-json\/wp\/v2\/pages\/756\/revisions"}],"wp:attachment":[{"href":"https:\/\/marketingpilates.com\/en\/wp-json\/wp\/v2\/media?parent=756"}],"curies":[{"name":"wp","href":"https:\/\/api.w.org\/{rel}","templated":true}]}}