{"id":707,"date":"2024-01-08T20:06:04","date_gmt":"2024-01-08T20:06:04","guid":{"rendered":"https:\/\/themexriver.com\/wp\/choicy-wp?page_id=707"},"modified":"2024-01-08T20:06:04","modified_gmt":"2024-01-08T20:06:04","slug":"our-clients","status":"publish","type":"page","link":"https:\/\/marketingpilates.com\/en\/our-clients\/","title":{"rendered":"Our Clients"},"content":{"rendered":"<div data-elementor-type=\"wp-page\" data-elementor-id=\"707\" class=\"elementor elementor-707\" data-elementor-post-type=\"page\">\n\t\t\t\t\t\t<section class=\"elementor-section elementor-top-section elementor-element elementor-element-cb4c3fb elementor-section-full_width fix elementor-section-height-default elementor-section-height-default\" data-id=\"cb4c3fb\" data-element_type=\"section\" data-settings=\"{&quot;background_background&quot;:&quot;classic&quot;}\">\n\t\t\t\t\t\t<div class=\"elementor-container elementor-column-gap-default\">\n\t\t\t\t\t<div class=\"elementor-column elementor-col-100 elementor-top-column elementor-element elementor-element-9054b1c\" data-id=\"9054b1c\" data-element_type=\"column\">\n\t\t\t<div class=\"elementor-widget-wrap elementor-element-populated\">\n\t\t\t\t\t\t<section class=\"elementor-section elementor-inner-section elementor-element elementor-element-4625103 elementor-section-boxed elementor-section-height-default elementor-section-height-default\" data-id=\"4625103\" data-element_type=\"section\">\n\t\t\t\t\t\t<div class=\"elementor-container elementor-column-gap-default\">\n\t\t\t\t\t<div class=\"elementor-column elementor-col-100 elementor-inner-column elementor-element elementor-element-0570d9a\" data-id=\"0570d9a\" data-element_type=\"column\">\n\t\t\t<div class=\"elementor-widget-wrap elementor-element-populated\">\n\t\t\t\t\t\t<div class=\"elementor-element elementor-element-724b5e6 elementor-widget elementor-widget-tx_heading elh-el tx_heading\" data-id=\"724b5e6\" data-element_type=\"widget\" data-settings=\"{&quot;design_style&quot;:&quot;style_1&quot;}\" data-widget_type=\"tx_heading.default\">\n\t\t\t\t<div class=\"elementor-widget-container\">\n\t\t\t\t\t<div class=\"section-title-wrap text-center\">\r\n        <h5 class=\"chy-subtitle-1 tx-subTitle wow fadeInDown isShape\">\r\n        OUR CLIENTS    <\/h5>\r\n    \r\n    <h2 class=\"tx-title chy-title-1 chy-split-text chy-split-in-right\">Trusted By 5,000+ Companies<\/h2>\r\n    <\/div>\t\t\t\t<\/div>\n\t\t\t\t<\/div>\n\t\t\t\t\t<\/div>\n\t\t<\/div>\n\t\t\t\t\t<\/div>\n\t\t<\/section>\n\t\t\t\t<section class=\"elementor-section elementor-inner-section elementor-element elementor-element-f506521 elementor-section-boxed elementor-section-height-default elementor-section-height-default\" data-id=\"f506521\" data-element_type=\"section\">\n\t\t\t\t\t\t<div class=\"elementor-container elementor-column-gap-custom\">\n\t\t\t\t\t<div class=\"elementor-column elementor-col-100 elementor-inner-column elementor-element elementor-element-6adb833\" data-id=\"6adb833\" data-element_type=\"column\">\n\t\t\t<div class=\"elementor-widget-wrap elementor-element-populated\">\n\t\t\t\t\t\t<div class=\"elementor-element elementor-element-7ce2b06 elementor-widget elementor-widget-tx_brand elh-el tx_brand\" data-id=\"7ce2b06\" data-element_type=\"widget\" data-settings=\"{&quot;design_style&quot;:&quot;style_5&quot;}\" data-widget_type=\"tx_brand.default\">\n\t\t\t\t<div class=\"elementor-widget-container\">\n\t\t\t\t\t<div class=\"chy-clients-page-wrap\">\r\n        <div class=\"chy-clients-item\">\r\n        <img decoding=\"async\" src=\"https:\/\/marketingpilates.com\/wp-content\/uploads\/2024\/01\/cp-logo-16.png\" alt=\"\">\r\n    <\/div>\r\n        <div class=\"chy-clients-item\">\r\n        <img decoding=\"async\" src=\"https:\/\/marketingpilates.com\/wp-content\/uploads\/2024\/01\/cp-logo-17.png\" alt=\"\">\r\n    <\/div>\r\n        <div class=\"chy-clients-item\">\r\n        <img decoding=\"async\" src=\"https:\/\/marketingpilates.com\/wp-content\/uploads\/2024\/01\/cp-logo-18.png\" alt=\"\">\r\n    <\/div>\r\n        <div class=\"chy-clients-item\">\r\n        <img decoding=\"async\" src=\"https:\/\/marketingpilates.com\/wp-content\/uploads\/2024\/01\/cp-logo-19.png\" alt=\"\">\r\n    <\/div>\r\n        <div class=\"chy-clients-item\">\r\n        <img decoding=\"async\" src=\"https:\/\/marketingpilates.com\/wp-content\/uploads\/2024\/01\/cp-logo-20.png\" alt=\"\">\r\n    <\/div>\r\n        <div class=\"chy-clients-item\">\r\n        <img decoding=\"async\" src=\"https:\/\/marketingpilates.com\/wp-content\/uploads\/2024\/01\/cp-logo-1.png\" alt=\"\">\r\n    <\/div>\r\n        <div class=\"chy-clients-item\">\r\n        <img decoding=\"async\" src=\"https:\/\/marketingpilates.com\/wp-content\/uploads\/2024\/01\/cp-logo-2.png\" alt=\"\">\r\n    <\/div>\r\n        <div class=\"chy-clients-item\">\r\n        <img decoding=\"async\" src=\"https:\/\/marketingpilates.com\/wp-content\/uploads\/2024\/01\/cp-logo-3.png\" alt=\"\">\r\n    <\/div>\r\n        <div class=\"chy-clients-item\">\r\n        <img decoding=\"async\" src=\"https:\/\/marketingpilates.com\/wp-content\/uploads\/2024\/01\/cp-logo-4.png\" alt=\"\">\r\n    <\/div>\r\n        <div class=\"chy-clients-item\">\r\n        <img decoding=\"async\" src=\"https:\/\/marketingpilates.com\/wp-content\/uploads\/2024\/01\/cp-logo-5.png\" alt=\"\">\r\n    <\/div>\r\n        <div class=\"chy-clients-item\">\r\n        <img decoding=\"async\" src=\"https:\/\/marketingpilates.com\/wp-content\/uploads\/2024\/01\/cp-logo-6.png\" alt=\"\">\r\n    <\/div>\r\n        <div class=\"chy-clients-item\">\r\n        <img decoding=\"async\" src=\"https:\/\/marketingpilates.com\/wp-content\/uploads\/2024\/01\/cp-logo-7.png\" alt=\"\">\r\n    <\/div>\r\n        <div class=\"chy-clients-item\">\r\n        <img decoding=\"async\" src=\"https:\/\/marketingpilates.com\/wp-content\/uploads\/2024\/01\/cp-logo-8.png\" alt=\"\">\r\n    <\/div>\r\n        <div class=\"chy-clients-item\">\r\n        <img decoding=\"async\" src=\"https:\/\/marketingpilates.com\/wp-content\/uploads\/2024\/01\/cp-logo-9.png\" alt=\"\">\r\n    <\/div>\r\n        <div class=\"chy-clients-item\">\r\n        <img decoding=\"async\" src=\"https:\/\/marketingpilates.com\/wp-content\/uploads\/2024\/01\/cp-logo-10.png\" alt=\"\">\r\n    <\/div>\r\n        <div class=\"chy-clients-item\">\r\n        <img decoding=\"async\" src=\"https:\/\/marketingpilates.com\/wp-content\/uploads\/2024\/01\/cp-logo-11.png\" alt=\"\">\r\n    <\/div>\r\n        <div class=\"chy-clients-item\">\r\n        <img decoding=\"async\" src=\"https:\/\/marketingpilates.com\/wp-content\/uploads\/2024\/01\/cp-logo-12.png\" alt=\"\">\r\n    <\/div>\r\n        <div class=\"chy-clients-item\">\r\n        <img decoding=\"async\" src=\"https:\/\/marketingpilates.com\/wp-content\/uploads\/2024\/01\/cp-logo-13.png\" alt=\"\">\r\n    <\/div>\r\n        <div class=\"chy-clients-item\">\r\n        <img decoding=\"async\" src=\"https:\/\/marketingpilates.com\/wp-content\/uploads\/2024\/01\/cp-logo-14.png\" alt=\"\">\r\n    <\/div>\r\n        <div class=\"chy-clients-item\">\r\n        <img decoding=\"async\" src=\"https:\/\/marketingpilates.com\/wp-content\/uploads\/2024\/01\/cp-logo-15.png\" alt=\"\">\r\n    <\/div>\r\n    <\/div>\t\t\t\t<\/div>\n\t\t\t\t<\/div>\n\t\t\t\t\t<\/div>\n\t\t<\/div>\n\t\t\t\t\t<\/div>\n\t\t<\/section>\n\t\t\t\t\t<\/div>\n\t\t<\/div>\n\t\t\t\t\t<\/div>\n\t\t<\/section>\n\t\t\t\t<\/div>","protected":false},"excerpt":{"rendered":"<p>OUR CLIENTS Trusted By 5,000+ Companies<\/p>","protected":false},"author":1,"featured_media":0,"parent":0,"menu_order":0,"comment_status":"closed","ping_status":"closed","template":"elementor_header_footer","meta":{"inline_featured_image":false,"_monsterinsights_skip_tracking":false,"_monsterinsights_sitenote_active":false,"_monsterinsights_sitenote_note":"","_monsterinsights_sitenote_category":0,"footnotes":""},"class_list":["post-707","page","type-page","status-publish","hentry"],"yoast_head":"<!-- This site is optimized with the Yoast SEO Premium plugin v22.9 (Yoast SEO v24.2) - https:\/\/yoast.com\/wordpress\/plugins\/seo\/ -->\n<title>Our Clients - Marketing Pilates<\/title>\n<meta name=\"robots\" content=\"index, follow, max-snippet:-1, max-image-preview:large, max-video-preview:-1\" \/>\n<link rel=\"canonical\" href=\"https:\/\/marketingpilates.com\/en\/our-clients\/\" \/>\n<meta property=\"og:locale\" content=\"en_US\" \/>\n<meta property=\"og:type\" content=\"article\" \/>\n<meta property=\"og:title\" content=\"Our Clients\" \/>\n<meta property=\"og:description\" content=\"OUR CLIENTS Trusted By 5,000+ Companies\" \/>\n<meta property=\"og:url\" content=\"https:\/\/marketingpilates.com\/en\/our-clients\/\" \/>\n<meta property=\"og:site_name\" content=\"Marketing Pilates\" \/>\n<meta property=\"og:image\" content=\"https:\/\/themexriver.com\/wp\/choicy-wpwp-content\/uploads\/2024\/01\/cp-logo-16.png\" \/>\n<meta name=\"twitter:card\" content=\"summary_large_image\" \/>\n<script type=\"application\/ld+json\" class=\"yoast-schema-graph\">{\"@context\":\"https:\/\/schema.org\",\"@graph\":[{\"@type\":\"WebPage\",\"@id\":\"https:\/\/marketingpilates.com\/our-clients\/\",\"url\":\"https:\/\/marketingpilates.com\/our-clients\/\",\"name\":\"Our Clients - Marketing Pilates\",\"isPartOf\":{\"@id\":\"https:\/\/marketingpilates.com\/#website\"},\"primaryImageOfPage\":{\"@id\":\"https:\/\/marketingpilates.com\/our-clients\/#primaryimage\"},\"image\":{\"@id\":\"https:\/\/marketingpilates.com\/our-clients\/#primaryimage\"},\"thumbnailUrl\":\"https:\/\/themexriver.com\/wp\/choicy-wpwp-content\/uploads\/2024\/01\/cp-logo-16.png\",\"datePublished\":\"2024-01-08T20:06:04+00:00\",\"dateModified\":\"2024-01-08T20:06:04+00:00\",\"breadcrumb\":{\"@id\":\"https:\/\/marketingpilates.com\/our-clients\/#breadcrumb\"},\"inLanguage\":\"en-US\",\"potentialAction\":[{\"@type\":\"ReadAction\",\"target\":[\"https:\/\/marketingpilates.com\/our-clients\/\"]}]},{\"@type\":\"ImageObject\",\"inLanguage\":\"en-US\",\"@id\":\"https:\/\/marketingpilates.com\/our-clients\/#primaryimage\",\"url\":\"https:\/\/themexriver.com\/wp\/choicy-wpwp-content\/uploads\/2024\/01\/cp-logo-16.png\",\"contentUrl\":\"https:\/\/themexriver.com\/wp\/choicy-wpwp-content\/uploads\/2024\/01\/cp-logo-16.png\"},{\"@type\":\"BreadcrumbList\",\"@id\":\"https:\/\/marketingpilates.com\/our-clients\/#breadcrumb\",\"itemListElement\":[{\"@type\":\"ListItem\",\"position\":1,\"name\":\"Strona g\u0142\u00f3wna\",\"item\":\"https:\/\/marketingpilates.com\/\"},{\"@type\":\"ListItem\",\"position\":2,\"name\":\"Our Clients\"}]},{\"@type\":\"WebSite\",\"@id\":\"https:\/\/marketingpilates.com\/#website\",\"url\":\"https:\/\/marketingpilates.com\/\",\"name\":\"Marketing Pilates\",\"description\":\"Marketing dla studio pilatesu\",\"publisher\":{\"@id\":\"https:\/\/marketingpilates.com\/#organization\"},\"potentialAction\":[{\"@type\":\"SearchAction\",\"target\":{\"@type\":\"EntryPoint\",\"urlTemplate\":\"https:\/\/marketingpilates.com\/?s={search_term_string}\"},\"query-input\":{\"@type\":\"PropertyValueSpecification\",\"valueRequired\":true,\"valueName\":\"search_term_string\"}}],\"inLanguage\":\"en-US\"},{\"@type\":\"Organization\",\"@id\":\"https:\/\/marketingpilates.com\/#organization\",\"name\":\"Marketing Pilates\",\"alternateName\":\"Marketing dla Pilatesu\",\"url\":\"https:\/\/marketingpilates.com\/\",\"logo\":{\"@type\":\"ImageObject\",\"inLanguage\":\"en-US\",\"@id\":\"https:\/\/marketingpilates.com\/#\/schema\/logo\/image\/\",\"url\":\"https:\/\/marketingpilates.com\/wp-content\/uploads\/2023\/12\/StooodioPilatess-11.png\",\"contentUrl\":\"https:\/\/marketingpilates.com\/wp-content\/uploads\/2023\/12\/StooodioPilatess-11.png\",\"width\":712,\"height\":113,\"caption\":\"Marketing Pilates\"},\"image\":{\"@id\":\"https:\/\/marketingpilates.com\/#\/schema\/logo\/image\/\"},\"description\":\"Pierwsza agencja dla studio pilatesu, pr\u0119\u017cnie dzia\u0142aj\u0105ca od 2022 roku.\"}]}<\/script>\n<!-- \/ Yoast SEO Premium plugin. -->","yoast_head_json":{"title":"Our Clients - Marketing Pilates","robots":{"index":"index","follow":"follow","max-snippet":"max-snippet:-1","max-image-preview":"max-image-preview:large","max-video-preview":"max-video-preview:-1"},"canonical":"https:\/\/marketingpilates.com\/en\/our-clients\/","og_locale":"en_US","og_type":"article","og_title":"Our Clients","og_description":"OUR CLIENTS Trusted By 5,000+ Companies","og_url":"https:\/\/marketingpilates.com\/en\/our-clients\/","og_site_name":"Marketing Pilates","og_image":[{"url":"https:\/\/themexriver.com\/wp\/choicy-wpwp-content\/uploads\/2024\/01\/cp-logo-16.png","type":"","width":"","height":""}],"twitter_card":"summary_large_image","schema":{"@context":"https:\/\/schema.org","@graph":[{"@type":"WebPage","@id":"https:\/\/marketingpilates.com\/our-clients\/","url":"https:\/\/marketingpilates.com\/our-clients\/","name":"Our Clients - Marketing Pilates","isPartOf":{"@id":"https:\/\/marketingpilates.com\/#website"},"primaryImageOfPage":{"@id":"https:\/\/marketingpilates.com\/our-clients\/#primaryimage"},"image":{"@id":"https:\/\/marketingpilates.com\/our-clients\/#primaryimage"},"thumbnailUrl":"https:\/\/themexriver.com\/wp\/choicy-wpwp-content\/uploads\/2024\/01\/cp-logo-16.png","datePublished":"2024-01-08T20:06:04+00:00","dateModified":"2024-01-08T20:06:04+00:00","breadcrumb":{"@id":"https:\/\/marketingpilates.com\/our-clients\/#breadcrumb"},"inLanguage":"en-US","potentialAction":[{"@type":"ReadAction","target":["https:\/\/marketingpilates.com\/our-clients\/"]}]},{"@type":"ImageObject","inLanguage":"en-US","@id":"https:\/\/marketingpilates.com\/our-clients\/#primaryimage","url":"https:\/\/themexriver.com\/wp\/choicy-wpwp-content\/uploads\/2024\/01\/cp-logo-16.png","contentUrl":"https:\/\/themexriver.com\/wp\/choicy-wpwp-content\/uploads\/2024\/01\/cp-logo-16.png"},{"@type":"BreadcrumbList","@id":"https:\/\/marketingpilates.com\/our-clients\/#breadcrumb","itemListElement":[{"@type":"ListItem","position":1,"name":"Strona g\u0142\u00f3wna","item":"https:\/\/marketingpilates.com\/"},{"@type":"ListItem","position":2,"name":"Our Clients"}]},{"@type":"WebSite","@id":"https:\/\/marketingpilates.com\/#website","url":"https:\/\/marketingpilates.com\/","name":"Marketing Pilates","description":"Marketing dla studio pilatesu","publisher":{"@id":"https:\/\/marketingpilates.com\/#organization"},"potentialAction":[{"@type":"SearchAction","target":{"@type":"EntryPoint","urlTemplate":"https:\/\/marketingpilates.com\/?s={search_term_string}"},"query-input":{"@type":"PropertyValueSpecification","valueRequired":true,"valueName":"search_term_string"}}],"inLanguage":"en-US"},{"@type":"Organization","@id":"https:\/\/marketingpilates.com\/#organization","name":"Marketing Pilates","alternateName":"Marketing dla Pilatesu","url":"https:\/\/marketingpilates.com\/","logo":{"@type":"ImageObject","inLanguage":"en-US","@id":"https:\/\/marketingpilates.com\/#\/schema\/logo\/image\/","url":"https:\/\/marketingpilates.com\/wp-content\/uploads\/2023\/12\/StooodioPilatess-11.png","contentUrl":"https:\/\/marketingpilates.com\/wp-content\/uploads\/2023\/12\/StooodioPilatess-11.png","width":712,"height":113,"caption":"Marketing Pilates"},"image":{"@id":"https:\/\/marketingpilates.com\/#\/schema\/logo\/image\/"},"description":"Pierwsza agencja dla studio pilatesu, pr\u0119\u017cnie dzia\u0142aj\u0105ca od 2022 roku."}]}},"_links":{"self":[{"href":"https:\/\/marketingpilates.com\/en\/wp-json\/wp\/v2\/pages\/707","targetHints":{"allow":["GET"]}}],"collection":[{"href":"https:\/\/marketingpilates.com\/en\/wp-json\/wp\/v2\/pages"}],"about":[{"href":"https:\/\/marketingpilates.com\/en\/wp-json\/wp\/v2\/types\/page"}],"author":[{"embeddable":true,"href":"https:\/\/marketingpilates.com\/en\/wp-json\/wp\/v2\/users\/1"}],"replies":[{"embeddable":true,"href":"https:\/\/marketingpilates.com\/en\/wp-json\/wp\/v2\/comments?post=707"}],"version-history":[{"count":0,"href":"https:\/\/marketingpilates.com\/en\/wp-json\/wp\/v2\/pages\/707\/revisions"}],"wp:attachment":[{"href":"https:\/\/marketingpilates.com\/en\/wp-json\/wp\/v2\/media?parent=707"}],"curies":[{"name":"wp","href":"https:\/\/api.w.org\/{rel}","templated":true}]}}