{"id":705,"date":"2024-01-08T20:05:55","date_gmt":"2024-01-08T20:05:55","guid":{"rendered":"https:\/\/themexriver.com\/wp\/choicy-wp?page_id=705"},"modified":"2024-01-08T20:05:55","modified_gmt":"2024-01-08T20:05:55","slug":"testimonial","status":"publish","type":"page","link":"https:\/\/marketingpilates.com\/en\/testimonial\/","title":{"rendered":"Testimonial"},"content":{"rendered":"<div data-elementor-type=\"wp-page\" data-elementor-id=\"705\" class=\"elementor elementor-705\" data-elementor-post-type=\"page\">\n\t\t\t\t\t\t<section class=\"elementor-section elementor-top-section elementor-element elementor-element-90756f5 elementor-section-full_width fix elementor-section-height-default elementor-section-height-default\" data-id=\"90756f5\" data-element_type=\"section\" data-settings=\"{&quot;background_background&quot;:&quot;classic&quot;}\">\n\t\t\t\t\t\t<div class=\"elementor-container elementor-column-gap-default\">\n\t\t\t\t\t<div class=\"elementor-column elementor-col-100 elementor-top-column elementor-element elementor-element-b54506e\" data-id=\"b54506e\" data-element_type=\"column\">\n\t\t\t<div class=\"elementor-widget-wrap elementor-element-populated\">\n\t\t\t\t\t\t<section class=\"elementor-section elementor-inner-section elementor-element elementor-element-7c07beb elementor-section-boxed elementor-section-height-default elementor-section-height-default\" data-id=\"7c07beb\" data-element_type=\"section\">\n\t\t\t\t\t\t<div class=\"elementor-container elementor-column-gap-default\">\n\t\t\t\t\t<div class=\"elementor-column elementor-col-100 elementor-inner-column elementor-element elementor-element-dbf7362\" data-id=\"dbf7362\" data-element_type=\"column\">\n\t\t\t<div class=\"elementor-widget-wrap elementor-element-populated\">\n\t\t\t\t\t\t<div class=\"elementor-element elementor-element-e774048 elementor-widget elementor-widget-tx_heading elh-el tx_heading\" data-id=\"e774048\" data-element_type=\"widget\" data-settings=\"{&quot;design_style&quot;:&quot;style_1&quot;}\" data-widget_type=\"tx_heading.default\">\n\t\t\t\t<div class=\"elementor-widget-container\">\n\t\t\t\t\t<div class=\"section-title-wrap text-center\">\r\n        <h5 class=\"chy-subtitle-1 tx-subTitle wow fadeInDown isShape\">\r\n        OUR TESTIMONIALS    <\/h5>\r\n    \r\n    <h2 class=\"tx-title chy-title-1 chy-split-text chy-split-in-right\">Our Clients Say About <br>\nOur Services<\/h2>\r\n    <\/div>\t\t\t\t<\/div>\n\t\t\t\t<\/div>\n\t\t\t\t\t<\/div>\n\t\t<\/div>\n\t\t\t\t\t<\/div>\n\t\t<\/section>\n\t\t\t\t<section class=\"elementor-section elementor-inner-section elementor-element elementor-element-b715e63 elementor-section-boxed elementor-section-height-default elementor-section-height-default\" data-id=\"b715e63\" data-element_type=\"section\">\n\t\t\t\t\t\t<div class=\"elementor-container elementor-column-gap-custom\">\n\t\t\t\t\t<div class=\"elementor-column elementor-col-50 elementor-inner-column elementor-element elementor-element-ef377dc\" data-id=\"ef377dc\" data-element_type=\"column\">\n\t\t\t<div class=\"elementor-widget-wrap elementor-element-populated\">\n\t\t\t\t\t\t<div class=\"elementor-element elementor-element-0e0619c elementor-widget elementor-widget-tx_testimonial elh-el tx_testimonial\" data-id=\"0e0619c\" data-element_type=\"widget\" data-settings=\"{&quot;design_style&quot;:&quot;style_4&quot;}\" data-widget_type=\"tx_testimonial.default\">\n\t\t\t\t<div class=\"elementor-widget-container\">\n\t\t\t\t\t<div class=\"chy-testimonial-page-item mb-0\">\r\n        <p class=\"chy-para-1 comment\">\"Cras eget mauris in nisl tempus lob. Nunc in nisi sapien. Suspendisse fin ibus dolor et pharetra porta. Sed qua elit, lacinia vitae mi quis, ullamcorpe imper diet dolor. Ut imperdiet turpis nulla\"<\/p>\r\n    \r\n        <div class=\"icon\">\r\n                    <i aria-hidden=\"true\" class=\"fas fa-quote-left\"><\/i>            <\/div>\r\n    \r\n    <div class=\"name-wrap\">\r\n                <h4 class=\"chy-heading-1 name\">Kristin Watson<\/h4>\r\n        \r\n                <span class=\"chy-para-1 bio\">CEO OF ZLITEMES<\/span>\r\n            <\/div>\r\n\r\n        <div class=\"person-img img-cover\">\r\n        <img decoding=\"async\" src=\"https:\/\/marketingpilates.com\/wp-content\/uploads\/2024\/01\/tp-img-1.png\" alt=\"\" \/>\r\n    <\/div>\r\n    <\/div>\t\t\t\t<\/div>\n\t\t\t\t<\/div>\n\t\t\t\t\t<\/div>\n\t\t<\/div>\n\t\t\t\t<div class=\"elementor-column elementor-col-50 elementor-inner-column elementor-element elementor-element-23961c3\" data-id=\"23961c3\" data-element_type=\"column\">\n\t\t\t<div class=\"elementor-widget-wrap elementor-element-populated\">\n\t\t\t\t\t\t<div class=\"elementor-element elementor-element-8121d9a elementor-widget elementor-widget-tx_testimonial elh-el tx_testimonial\" data-id=\"8121d9a\" data-element_type=\"widget\" data-settings=\"{&quot;design_style&quot;:&quot;style_4&quot;}\" data-widget_type=\"tx_testimonial.default\">\n\t\t\t\t<div class=\"elementor-widget-container\">\n\t\t\t\t\t<div class=\"chy-testimonial-page-item mb-0\">\r\n        <p class=\"chy-para-1 comment\">\"Cras eget mauris in nisl tempus lob. Nunc in nisi sapien. Suspendisse fin ibus dolor et pharetra porta. Sed qua elit, lacinia vitae mi quis, ullamcorpe imper diet dolor. Ut imperdiet turpis nulla\"<\/p>\r\n    \r\n        <div class=\"icon\">\r\n                    <i aria-hidden=\"true\" class=\"fas fa-quote-left\"><\/i>            <\/div>\r\n    \r\n    <div class=\"name-wrap\">\r\n                <h4 class=\"chy-heading-1 name\">Esther Howard<\/h4>\r\n        \r\n                <span class=\"chy-para-1 bio\">CEO OF ZLITEMES<\/span>\r\n            <\/div>\r\n\r\n        <div class=\"person-img img-cover\">\r\n        <img decoding=\"async\" src=\"https:\/\/marketingpilates.com\/wp-content\/uploads\/2024\/01\/tp-img-2.png\" alt=\"\" \/>\r\n    <\/div>\r\n    <\/div>\t\t\t\t<\/div>\n\t\t\t\t<\/div>\n\t\t\t\t\t<\/div>\n\t\t<\/div>\n\t\t\t\t\t<\/div>\n\t\t<\/section>\n\t\t\t\t<section class=\"elementor-section elementor-inner-section elementor-element elementor-element-edccd3c elementor-section-boxed elementor-section-height-default elementor-section-height-default\" data-id=\"edccd3c\" data-element_type=\"section\">\n\t\t\t\t\t\t<div class=\"elementor-container elementor-column-gap-custom\">\n\t\t\t\t\t<div class=\"elementor-column elementor-col-50 elementor-inner-column elementor-element elementor-element-1d879fc\" data-id=\"1d879fc\" data-element_type=\"column\">\n\t\t\t<div class=\"elementor-widget-wrap elementor-element-populated\">\n\t\t\t\t\t\t<div class=\"elementor-element elementor-element-06abffe elementor-widget elementor-widget-tx_testimonial elh-el tx_testimonial\" data-id=\"06abffe\" data-element_type=\"widget\" data-settings=\"{&quot;design_style&quot;:&quot;style_4&quot;}\" data-widget_type=\"tx_testimonial.default\">\n\t\t\t\t<div class=\"elementor-widget-container\">\n\t\t\t\t\t<div class=\"chy-testimonial-page-item mb-0\">\r\n        <p class=\"chy-para-1 comment\">\"Cras eget mauris in nisl tempus lob. Nunc in nisi sapien. Suspendisse fin ibus dolor et pharetra porta. Sed qua elit, lacinia vitae mi quis, ullamcorpe imper diet dolor. Ut imperdiet turpis nulla\"<\/p>\r\n    \r\n        <div class=\"icon\">\r\n                    <i aria-hidden=\"true\" class=\"fas fa-quote-left\"><\/i>            <\/div>\r\n    \r\n    <div class=\"name-wrap\">\r\n                <h4 class=\"chy-heading-1 name\">Kristin Watson<\/h4>\r\n        \r\n                <span class=\"chy-para-1 bio\">CEO OF ZLITEMES<\/span>\r\n            <\/div>\r\n\r\n        <div class=\"person-img img-cover\">\r\n        <img decoding=\"async\" src=\"https:\/\/marketingpilates.com\/wp-content\/uploads\/2024\/01\/tp-img-3.png\" alt=\"\" \/>\r\n    <\/div>\r\n    <\/div>\t\t\t\t<\/div>\n\t\t\t\t<\/div>\n\t\t\t\t\t<\/div>\n\t\t<\/div>\n\t\t\t\t<div class=\"elementor-column elementor-col-50 elementor-inner-column elementor-element elementor-element-0339883\" data-id=\"0339883\" data-element_type=\"column\">\n\t\t\t<div class=\"elementor-widget-wrap elementor-element-populated\">\n\t\t\t\t\t\t<div class=\"elementor-element elementor-element-aae9af5 elementor-widget elementor-widget-tx_testimonial elh-el tx_testimonial\" data-id=\"aae9af5\" data-element_type=\"widget\" data-settings=\"{&quot;design_style&quot;:&quot;style_4&quot;}\" data-widget_type=\"tx_testimonial.default\">\n\t\t\t\t<div class=\"elementor-widget-container\">\n\t\t\t\t\t<div class=\"chy-testimonial-page-item mb-0\">\r\n        <p class=\"chy-para-1 comment\">\"Cras eget mauris in nisl tempus lob. Nunc in nisi sapien. Suspendisse fin ibus dolor et pharetra porta. Sed qua elit, lacinia vitae mi quis, ullamcorpe imper diet dolor. Ut imperdiet turpis nulla\"<\/p>\r\n    \r\n        <div class=\"icon\">\r\n                    <i aria-hidden=\"true\" class=\"fas fa-quote-left\"><\/i>            <\/div>\r\n    \r\n    <div class=\"name-wrap\">\r\n                <h4 class=\"chy-heading-1 name\">Esther Howard<\/h4>\r\n        \r\n                <span class=\"chy-para-1 bio\">CEO OF ZLITEMES<\/span>\r\n            <\/div>\r\n\r\n        <div class=\"person-img img-cover\">\r\n        <img decoding=\"async\" src=\"https:\/\/marketingpilates.com\/wp-content\/uploads\/2024\/01\/tp-img-4.png\" alt=\"\" \/>\r\n    <\/div>\r\n    <\/div>\t\t\t\t<\/div>\n\t\t\t\t<\/div>\n\t\t\t\t\t<\/div>\n\t\t<\/div>\n\t\t\t\t\t<\/div>\n\t\t<\/section>\n\t\t\t\t<section class=\"elementor-section elementor-inner-section elementor-element elementor-element-7f22e48 elementor-section-boxed elementor-section-height-default elementor-section-height-default\" data-id=\"7f22e48\" data-element_type=\"section\">\n\t\t\t\t\t\t<div class=\"elementor-container elementor-column-gap-custom\">\n\t\t\t\t\t<div class=\"elementor-column elementor-col-50 elementor-inner-column elementor-element elementor-element-91564fe\" data-id=\"91564fe\" data-element_type=\"column\">\n\t\t\t<div class=\"elementor-widget-wrap elementor-element-populated\">\n\t\t\t\t\t\t<div class=\"elementor-element elementor-element-555f8d7 elementor-widget elementor-widget-tx_testimonial elh-el tx_testimonial\" data-id=\"555f8d7\" data-element_type=\"widget\" data-settings=\"{&quot;design_style&quot;:&quot;style_4&quot;}\" data-widget_type=\"tx_testimonial.default\">\n\t\t\t\t<div class=\"elementor-widget-container\">\n\t\t\t\t\t<div class=\"chy-testimonial-page-item mb-0\">\r\n        <p class=\"chy-para-1 comment\">\"Cras eget mauris in nisl tempus lob. Nunc in nisi sapien. Suspendisse fin ibus dolor et pharetra porta. Sed qua elit, lacinia vitae mi quis, ullamcorpe imper diet dolor. Ut imperdiet turpis nulla\"<\/p>\r\n    \r\n        <div class=\"icon\">\r\n                    <i aria-hidden=\"true\" class=\"fas fa-quote-left\"><\/i>            <\/div>\r\n    \r\n    <div class=\"name-wrap\">\r\n                <h4 class=\"chy-heading-1 name\">Kristin Watson<\/h4>\r\n        \r\n                <span class=\"chy-para-1 bio\">CEO OF ZLITEMES<\/span>\r\n            <\/div>\r\n\r\n        <div class=\"person-img img-cover\">\r\n        <img decoding=\"async\" src=\"https:\/\/marketingpilates.com\/wp-content\/uploads\/2024\/01\/tp-img-5.png\" alt=\"\" \/>\r\n    <\/div>\r\n    <\/div>\t\t\t\t<\/div>\n\t\t\t\t<\/div>\n\t\t\t\t\t<\/div>\n\t\t<\/div>\n\t\t\t\t<div class=\"elementor-column elementor-col-50 elementor-inner-column elementor-element elementor-element-e3f9224\" data-id=\"e3f9224\" data-element_type=\"column\">\n\t\t\t<div class=\"elementor-widget-wrap elementor-element-populated\">\n\t\t\t\t\t\t<div class=\"elementor-element elementor-element-1820d75 elementor-widget elementor-widget-tx_testimonial elh-el tx_testimonial\" data-id=\"1820d75\" data-element_type=\"widget\" data-settings=\"{&quot;design_style&quot;:&quot;style_4&quot;}\" data-widget_type=\"tx_testimonial.default\">\n\t\t\t\t<div class=\"elementor-widget-container\">\n\t\t\t\t\t<div class=\"chy-testimonial-page-item mb-0\">\r\n        <p class=\"chy-para-1 comment\">\"Cras eget mauris in nisl tempus lob. Nunc in nisi sapien. Suspendisse fin ibus dolor et pharetra porta. Sed qua elit, lacinia vitae mi quis, ullamcorpe imper diet dolor. Ut imperdiet turpis nulla\"<\/p>\r\n    \r\n        <div class=\"icon\">\r\n                    <i aria-hidden=\"true\" class=\"fas fa-quote-left\"><\/i>            <\/div>\r\n    \r\n    <div class=\"name-wrap\">\r\n                <h4 class=\"chy-heading-1 name\">Esther Howard<\/h4>\r\n        \r\n                <span class=\"chy-para-1 bio\">CEO OF ZLITEMES<\/span>\r\n            <\/div>\r\n\r\n        <div class=\"person-img img-cover\">\r\n        <img decoding=\"async\" src=\"https:\/\/marketingpilates.com\/wp-content\/uploads\/2024\/01\/tp-img-6.png\" alt=\"\" \/>\r\n    <\/div>\r\n    <\/div>\t\t\t\t<\/div>\n\t\t\t\t<\/div>\n\t\t\t\t\t<\/div>\n\t\t<\/div>\n\t\t\t\t\t<\/div>\n\t\t<\/section>\n\t\t\t\t\t<\/div>\n\t\t<\/div>\n\t\t\t\t\t<\/div>\n\t\t<\/section>\n\t\t\t\t<\/div>","protected":false},"excerpt":{"rendered":"<p>OUR TESTIMONIALS Our Clients Say About Our Services \u201cCras eget mauris in nisl tempus lob. Nunc in nisi sapien. Suspendisse fin ibus dolor et pharetra porta. Sed qua elit, lacinia vitae mi quis, ullamcorpe imper diet dolor. Ut imperdiet turpis nulla\u201d Kristin Watson CEO OF ZLITEMES \u201cCras eget mauris in nisl tempus lob. Nunc in [&hellip;]<\/p>","protected":false},"author":1,"featured_media":0,"parent":0,"menu_order":0,"comment_status":"closed","ping_status":"closed","template":"elementor_header_footer","meta":{"inline_featured_image":false,"_monsterinsights_skip_tracking":false,"_monsterinsights_sitenote_active":false,"_monsterinsights_sitenote_note":"","_monsterinsights_sitenote_category":0,"footnotes":""},"class_list":["post-705","page","type-page","status-publish","hentry"],"yoast_head":"<!-- This site is optimized with the Yoast SEO Premium plugin v22.9 (Yoast SEO v24.2) - https:\/\/yoast.com\/wordpress\/plugins\/seo\/ -->\n<title>Testimonial - Marketing Pilates<\/title>\n<meta name=\"robots\" content=\"index, follow, max-snippet:-1, max-image-preview:large, max-video-preview:-1\" \/>\n<link rel=\"canonical\" href=\"https:\/\/marketingpilates.com\/en\/testimonial\/\" \/>\n<meta property=\"og:locale\" content=\"en_US\" \/>\n<meta property=\"og:type\" content=\"article\" \/>\n<meta property=\"og:title\" content=\"Testimonial\" \/>\n<meta property=\"og:description\" content=\"OUR TESTIMONIALS Our Clients Say About Our Services \u201cCras eget mauris in nisl tempus lob. Nunc in nisi sapien. Suspendisse fin ibus dolor et pharetra porta. Sed qua elit, lacinia vitae mi quis, ullamcorpe imper diet dolor. Ut imperdiet turpis nulla\u201d Kristin Watson CEO OF ZLITEMES \u201cCras eget mauris in nisl tempus lob. Nunc in [&hellip;]\" \/>\n<meta property=\"og:url\" content=\"https:\/\/marketingpilates.com\/en\/testimonial\/\" \/>\n<meta property=\"og:site_name\" content=\"Marketing Pilates\" \/>\n<meta property=\"og:image\" content=\"https:\/\/themexriver.com\/wp\/choicy-wpwp-content\/uploads\/2024\/01\/tp-img-1.png\" \/>\n<meta name=\"twitter:card\" content=\"summary_large_image\" \/>\n<meta name=\"twitter:label1\" content=\"Est. reading time\" \/>\n\t<meta name=\"twitter:data1\" content=\"1 minute\" \/>\n<script type=\"application\/ld+json\" class=\"yoast-schema-graph\">{\"@context\":\"https:\/\/schema.org\",\"@graph\":[{\"@type\":\"WebPage\",\"@id\":\"https:\/\/marketingpilates.com\/testimonial\/\",\"url\":\"https:\/\/marketingpilates.com\/testimonial\/\",\"name\":\"Testimonial - Marketing Pilates\",\"isPartOf\":{\"@id\":\"https:\/\/marketingpilates.com\/#website\"},\"primaryImageOfPage\":{\"@id\":\"https:\/\/marketingpilates.com\/testimonial\/#primaryimage\"},\"image\":{\"@id\":\"https:\/\/marketingpilates.com\/testimonial\/#primaryimage\"},\"thumbnailUrl\":\"https:\/\/themexriver.com\/wp\/choicy-wpwp-content\/uploads\/2024\/01\/tp-img-1.png\",\"datePublished\":\"2024-01-08T20:05:55+00:00\",\"dateModified\":\"2024-01-08T20:05:55+00:00\",\"breadcrumb\":{\"@id\":\"https:\/\/marketingpilates.com\/testimonial\/#breadcrumb\"},\"inLanguage\":\"en-US\",\"potentialAction\":[{\"@type\":\"ReadAction\",\"target\":[\"https:\/\/marketingpilates.com\/testimonial\/\"]}]},{\"@type\":\"ImageObject\",\"inLanguage\":\"en-US\",\"@id\":\"https:\/\/marketingpilates.com\/testimonial\/#primaryimage\",\"url\":\"https:\/\/themexriver.com\/wp\/choicy-wpwp-content\/uploads\/2024\/01\/tp-img-1.png\",\"contentUrl\":\"https:\/\/themexriver.com\/wp\/choicy-wpwp-content\/uploads\/2024\/01\/tp-img-1.png\"},{\"@type\":\"BreadcrumbList\",\"@id\":\"https:\/\/marketingpilates.com\/testimonial\/#breadcrumb\",\"itemListElement\":[{\"@type\":\"ListItem\",\"position\":1,\"name\":\"Strona g\u0142\u00f3wna\",\"item\":\"https:\/\/marketingpilates.com\/\"},{\"@type\":\"ListItem\",\"position\":2,\"name\":\"Testimonial\"}]},{\"@type\":\"WebSite\",\"@id\":\"https:\/\/marketingpilates.com\/#website\",\"url\":\"https:\/\/marketingpilates.com\/\",\"name\":\"Marketing Pilates\",\"description\":\"Marketing dla studio pilatesu\",\"publisher\":{\"@id\":\"https:\/\/marketingpilates.com\/#organization\"},\"potentialAction\":[{\"@type\":\"SearchAction\",\"target\":{\"@type\":\"EntryPoint\",\"urlTemplate\":\"https:\/\/marketingpilates.com\/?s={search_term_string}\"},\"query-input\":{\"@type\":\"PropertyValueSpecification\",\"valueRequired\":true,\"valueName\":\"search_term_string\"}}],\"inLanguage\":\"en-US\"},{\"@type\":\"Organization\",\"@id\":\"https:\/\/marketingpilates.com\/#organization\",\"name\":\"Marketing Pilates\",\"alternateName\":\"Marketing dla Pilatesu\",\"url\":\"https:\/\/marketingpilates.com\/\",\"logo\":{\"@type\":\"ImageObject\",\"inLanguage\":\"en-US\",\"@id\":\"https:\/\/marketingpilates.com\/#\/schema\/logo\/image\/\",\"url\":\"https:\/\/marketingpilates.com\/wp-content\/uploads\/2023\/12\/StooodioPilatess-11.png\",\"contentUrl\":\"https:\/\/marketingpilates.com\/wp-content\/uploads\/2023\/12\/StooodioPilatess-11.png\",\"width\":712,\"height\":113,\"caption\":\"Marketing Pilates\"},\"image\":{\"@id\":\"https:\/\/marketingpilates.com\/#\/schema\/logo\/image\/\"},\"description\":\"Pierwsza agencja dla studio pilatesu, pr\u0119\u017cnie dzia\u0142aj\u0105ca od 2022 roku.\"}]}<\/script>\n<!-- \/ Yoast SEO Premium plugin. -->","yoast_head_json":{"title":"Testimonial - Marketing Pilates","robots":{"index":"index","follow":"follow","max-snippet":"max-snippet:-1","max-image-preview":"max-image-preview:large","max-video-preview":"max-video-preview:-1"},"canonical":"https:\/\/marketingpilates.com\/en\/testimonial\/","og_locale":"en_US","og_type":"article","og_title":"Testimonial","og_description":"OUR TESTIMONIALS Our Clients Say About Our Services \u201cCras eget mauris in nisl tempus lob. Nunc in nisi sapien. Suspendisse fin ibus dolor et pharetra porta. Sed qua elit, lacinia vitae mi quis, ullamcorpe imper diet dolor. Ut imperdiet turpis nulla\u201d Kristin Watson CEO OF ZLITEMES \u201cCras eget mauris in nisl tempus lob. Nunc in [&hellip;]","og_url":"https:\/\/marketingpilates.com\/en\/testimonial\/","og_site_name":"Marketing Pilates","og_image":[{"url":"https:\/\/themexriver.com\/wp\/choicy-wpwp-content\/uploads\/2024\/01\/tp-img-1.png","type":"","width":"","height":""}],"twitter_card":"summary_large_image","twitter_misc":{"Est. reading time":"1 minute"},"schema":{"@context":"https:\/\/schema.org","@graph":[{"@type":"WebPage","@id":"https:\/\/marketingpilates.com\/testimonial\/","url":"https:\/\/marketingpilates.com\/testimonial\/","name":"Testimonial - Marketing Pilates","isPartOf":{"@id":"https:\/\/marketingpilates.com\/#website"},"primaryImageOfPage":{"@id":"https:\/\/marketingpilates.com\/testimonial\/#primaryimage"},"image":{"@id":"https:\/\/marketingpilates.com\/testimonial\/#primaryimage"},"thumbnailUrl":"https:\/\/themexriver.com\/wp\/choicy-wpwp-content\/uploads\/2024\/01\/tp-img-1.png","datePublished":"2024-01-08T20:05:55+00:00","dateModified":"2024-01-08T20:05:55+00:00","breadcrumb":{"@id":"https:\/\/marketingpilates.com\/testimonial\/#breadcrumb"},"inLanguage":"en-US","potentialAction":[{"@type":"ReadAction","target":["https:\/\/marketingpilates.com\/testimonial\/"]}]},{"@type":"ImageObject","inLanguage":"en-US","@id":"https:\/\/marketingpilates.com\/testimonial\/#primaryimage","url":"https:\/\/themexriver.com\/wp\/choicy-wpwp-content\/uploads\/2024\/01\/tp-img-1.png","contentUrl":"https:\/\/themexriver.com\/wp\/choicy-wpwp-content\/uploads\/2024\/01\/tp-img-1.png"},{"@type":"BreadcrumbList","@id":"https:\/\/marketingpilates.com\/testimonial\/#breadcrumb","itemListElement":[{"@type":"ListItem","position":1,"name":"Strona g\u0142\u00f3wna","item":"https:\/\/marketingpilates.com\/"},{"@type":"ListItem","position":2,"name":"Testimonial"}]},{"@type":"WebSite","@id":"https:\/\/marketingpilates.com\/#website","url":"https:\/\/marketingpilates.com\/","name":"Marketing Pilates","description":"Marketing dla studio pilatesu","publisher":{"@id":"https:\/\/marketingpilates.com\/#organization"},"potentialAction":[{"@type":"SearchAction","target":{"@type":"EntryPoint","urlTemplate":"https:\/\/marketingpilates.com\/?s={search_term_string}"},"query-input":{"@type":"PropertyValueSpecification","valueRequired":true,"valueName":"search_term_string"}}],"inLanguage":"en-US"},{"@type":"Organization","@id":"https:\/\/marketingpilates.com\/#organization","name":"Marketing Pilates","alternateName":"Marketing dla Pilatesu","url":"https:\/\/marketingpilates.com\/","logo":{"@type":"ImageObject","inLanguage":"en-US","@id":"https:\/\/marketingpilates.com\/#\/schema\/logo\/image\/","url":"https:\/\/marketingpilates.com\/wp-content\/uploads\/2023\/12\/StooodioPilatess-11.png","contentUrl":"https:\/\/marketingpilates.com\/wp-content\/uploads\/2023\/12\/StooodioPilatess-11.png","width":712,"height":113,"caption":"Marketing Pilates"},"image":{"@id":"https:\/\/marketingpilates.com\/#\/schema\/logo\/image\/"},"description":"Pierwsza agencja dla studio pilatesu, pr\u0119\u017cnie dzia\u0142aj\u0105ca od 2022 roku."}]}},"_links":{"self":[{"href":"https:\/\/marketingpilates.com\/en\/wp-json\/wp\/v2\/pages\/705","targetHints":{"allow":["GET"]}}],"collection":[{"href":"https:\/\/marketingpilates.com\/en\/wp-json\/wp\/v2\/pages"}],"about":[{"href":"https:\/\/marketingpilates.com\/en\/wp-json\/wp\/v2\/types\/page"}],"author":[{"embeddable":true,"href":"https:\/\/marketingpilates.com\/en\/wp-json\/wp\/v2\/users\/1"}],"replies":[{"embeddable":true,"href":"https:\/\/marketingpilates.com\/en\/wp-json\/wp\/v2\/comments?post=705"}],"version-history":[{"count":0,"href":"https:\/\/marketingpilates.com\/en\/wp-json\/wp\/v2\/pages\/705\/revisions"}],"wp:attachment":[{"href":"https:\/\/marketingpilates.com\/en\/wp-json\/wp\/v2\/media?parent=705"}],"curies":[{"name":"wp","href":"https:\/\/api.w.org\/{rel}","templated":true}]}}