{"id":703,"date":"2024-01-08T20:05:46","date_gmt":"2024-01-08T20:05:46","guid":{"rendered":"https:\/\/themexriver.com\/wp\/choicy-wp?page_id=703"},"modified":"2025-01-19T20:59:05","modified_gmt":"2025-01-19T20:59:05","slug":"faq","status":"publish","type":"page","link":"https:\/\/marketingpilates.com\/en\/faq\/","title":{"rendered":"Faq"},"content":{"rendered":"<div data-elementor-type=\"wp-page\" data-elementor-id=\"703\" class=\"elementor elementor-703\" data-elementor-post-type=\"page\">\n\t\t\t\t\t\t<section class=\"elementor-section elementor-top-section elementor-element elementor-element-ead06af elementor-section-full_width fix elementor-section-height-default elementor-section-height-default\" data-id=\"ead06af\" data-element_type=\"section\" data-settings=\"{&quot;background_background&quot;:&quot;classic&quot;}\">\n\t\t\t\t\t\t<div class=\"elementor-container elementor-column-gap-default\">\n\t\t\t\t\t<div class=\"elementor-column elementor-col-100 elementor-top-column elementor-element elementor-element-22abc14\" data-id=\"22abc14\" data-element_type=\"column\">\n\t\t\t<div class=\"elementor-widget-wrap elementor-element-populated\">\n\t\t\t\t\t\t<section class=\"elementor-section elementor-inner-section elementor-element elementor-element-a4f77a9 elementor-section-boxed elementor-section-height-default elementor-section-height-default\" data-id=\"a4f77a9\" data-element_type=\"section\">\n\t\t\t\t\t\t<div class=\"elementor-container elementor-column-gap-default\">\n\t\t\t\t\t<div class=\"elementor-column elementor-col-50 elementor-inner-column elementor-element elementor-element-330da72\" data-id=\"330da72\" data-element_type=\"column\">\n\t\t\t<div class=\"elementor-widget-wrap elementor-element-populated\">\n\t\t\t\t\t\t<div class=\"elementor-element elementor-element-5537153 elementor-widget elementor-widget-tx_heading elh-el tx_heading\" data-id=\"5537153\" data-element_type=\"widget\" data-settings=\"{&quot;design_style&quot;:&quot;style_1&quot;}\" data-widget_type=\"tx_heading.default\">\n\t\t\t\t<div class=\"elementor-widget-container\">\n\t\t\t\t\t<div class=\"section-title-wrap text-left\">\r\n        <h5 class=\"chy-subtitle-1 tx-subTitle wow fadeInDown isShape\">\r\n        Popular Questions    <\/h5>\r\n    \r\n    <h2 class=\"tx-title chy-title-1 chy-split-text chy-split-in-right\">Frequently Asked Questions<\/h2>\r\n        <p class=\"tx-description chy-para-1 wow\">\r\n        We answer the most common questions about the cooperation and development of Pilates studios with reformers.\n    <\/p>\r\n    <\/div>\t\t\t\t<\/div>\n\t\t\t\t<\/div>\n\t\t\t\t<div class=\"elementor-element elementor-element-4aa25ba elementor-widget elementor-widget-tx_button elh-el tx_button\" data-id=\"4aa25ba\" data-element_type=\"widget\" data-settings=\"{&quot;design_style&quot;:&quot;style_1&quot;}\" data-widget_type=\"tx_button.default\">\n\t\t\t\t<div class=\"elementor-widget-container\">\n\t\t\t\t\t<div class=\"btn-wrapper  text-left\">\r\n    <a class=\"chy-pr-btn-1 tx-button fadeInLeft\"\r\n    href=\"https:\/\/marketingpilates.com\/en\/form\/\"\r\n    target=\"_self\"\r\n    rel=\"\">\r\n        <span class=\"text\">\r\n            Submit        <\/span>\r\n        <span class=\"icon\">\r\n            <i aria-hidden=\"true\" class=\"flaticon-straight-right-arrow\"><\/i>        <\/span>\r\n    <\/a>\r\n<\/div>\r\n\t\t\t\t<\/div>\n\t\t\t\t<\/div>\n\t\t\t\t\t<\/div>\n\t\t<\/div>\n\t\t\t\t<div class=\"elementor-column elementor-col-50 elementor-inner-column elementor-element elementor-element-a636088\" data-id=\"a636088\" data-element_type=\"column\">\n\t\t\t<div class=\"elementor-widget-wrap elementor-element-populated\">\n\t\t\t\t\t\t<div class=\"elementor-element elementor-element-ebbad7a elementor-widget elementor-widget-tx_faq elh-el tx_faq\" data-id=\"ebbad7a\" data-element_type=\"widget\" data-settings=\"{&quot;design_style&quot;:&quot;style_2&quot;}\" data-widget_type=\"tx_faq.default\">\n\t\t\t\t<div class=\"elementor-widget-container\">\n\t\t\t\t\t<div class=\"chy-faq-page-accordion\">\r\n    <div class=\"accordion chy-sd-1-item\" id=\"accordionExample_772\">\r\n                    <div class=\"accordion-item mb-15\" >\r\n                <h2 class=\"accordion-header collapsed\" id=\"heading-772-0\">\r\n                    <button class=\"accordion-button\"\r\n                    type=\"button\"\r\n                    data-bs-toggle=\"collapse\"\r\n                    data-bs-target=\"#collapse-772-0\"\r\n                    aria-expanded=\"false\"\r\n                    aria-controls=\"collapse-772-0\">\r\n                        <span class=\"icon-2\"><i class=\"flaticon-arrow\"><\/i><\/span>\r\n                        <span class=\"title chy-heading-1\">What services do you offer to pilates studios?<\/span>\r\n                        <span class=\"icon\"><i class=\"far fa-plus\"><\/i><\/span>\r\n                    <\/button>\r\n                <\/h2>\r\n                <div\r\n                id=\"collapse-772-0\"\r\n                class=\"accordion-collapse collapse show\"\r\n                aria-labelledby=\"heading-772-0\"\r\n                data-bs-parent=\"#accordionExample_772\">\r\n                    <div class=\"accordion-body\">\r\n                        <div class=\"disc chy-para-1\">\r\n                            \nWe provide comprehensive marketing services, including Facebook Ads and Google Ads campaigns, sales automation, SMS and email marketing, online booking systems and premium branding strategies.\n                        <\/div>\r\n                    <\/div>\r\n                <\/div>\r\n            <\/div>\r\n                    <div class=\"accordion-item mb-15\" >\r\n                <h2 class=\"accordion-header collapsed\" id=\"heading-772-1\">\r\n                    <button class=\"accordion-button\"\r\n                    type=\"button\"\r\n                    data-bs-toggle=\"collapse\"\r\n                    data-bs-target=\"#collapse-772-1\"\r\n                    aria-expanded=\"false\"\r\n                    aria-controls=\"collapse-772-1\">\r\n                        <span class=\"icon-2\"><i class=\"flaticon-arrow\"><\/i><\/span>\r\n                        <span class=\"title chy-heading-1\">Why do you specialize only in Pilates studios?<\/span>\r\n                        <span class=\"icon\"><i class=\"far fa-plus\"><\/i><\/span>\r\n                    <\/button>\r\n                <\/h2>\r\n                <div\r\n                id=\"collapse-772-1\"\r\n                class=\"accordion-collapse collapse show\"\r\n                aria-labelledby=\"heading-772-1\"\r\n                data-bs-parent=\"#accordionExample_772\">\r\n                    <div class=\"accordion-body\">\r\n                        <div class=\"disc chy-para-1\">\r\n                            Focusing on one niche allows us to achieve exceptional results. We know the specifics of the industry, we understand the needs of our clients and we know what activities bring the best results in promoting Pilates studios with reformers.\n                        <\/div>\r\n                    <\/div>\r\n                <\/div>\r\n            <\/div>\r\n                    <div class=\"accordion-item mb-15\" >\r\n                <h2 class=\"accordion-header collapsed\" id=\"heading-772-2\">\r\n                    <button class=\"accordion-button\"\r\n                    type=\"button\"\r\n                    data-bs-toggle=\"collapse\"\r\n                    data-bs-target=\"#collapse-772-2\"\r\n                    aria-expanded=\"false\"\r\n                    aria-controls=\"collapse-772-2\">\r\n                        <span class=\"icon-2\"><i class=\"flaticon-arrow\"><\/i><\/span>\r\n                        <span class=\"title chy-heading-1\">Do you serve studios from all over the country?<\/span>\r\n                        <span class=\"icon\"><i class=\"far fa-plus\"><\/i><\/span>\r\n                    <\/button>\r\n                <\/h2>\r\n                <div\r\n                id=\"collapse-772-2\"\r\n                class=\"accordion-collapse collapse show\"\r\n                aria-labelledby=\"heading-772-2\"\r\n                data-bs-parent=\"#accordionExample_772\">\r\n                    <div class=\"accordion-body\">\r\n                        <div class=\"disc chy-para-1\">\r\n                            Yes, we operate nationwide, but we accept a maximum of 2 studios from a single city to ensure the highest quality of service and to avoid competition between our clients.\n                        <\/div>\r\n                    <\/div>\r\n                <\/div>\r\n            <\/div>\r\n                    <div class=\"accordion-item mb-15\" >\r\n                <h2 class=\"accordion-header collapsed\" id=\"heading-772-3\">\r\n                    <button class=\"accordion-button\"\r\n                    type=\"button\"\r\n                    data-bs-toggle=\"collapse\"\r\n                    data-bs-target=\"#collapse-772-3\"\r\n                    aria-expanded=\"false\"\r\n                    aria-controls=\"collapse-772-3\">\r\n                        <span class=\"icon-2\"><i class=\"flaticon-arrow\"><\/i><\/span>\r\n                        <span class=\"title chy-heading-1\">What results can we expect?<\/span>\r\n                        <span class=\"icon\"><i class=\"far fa-plus\"><\/i><\/span>\r\n                    <\/button>\r\n                <\/h2>\r\n                <div\r\n                id=\"collapse-772-3\"\r\n                class=\"accordion-collapse collapse show\"\r\n                aria-labelledby=\"heading-772-3\"\r\n                data-bs-parent=\"#accordionExample_772\">\r\n                    <div class=\"accordion-body\">\r\n                        <div class=\"disc chy-para-1\">\r\n                            Our partner studios achieve an average of 90% reformer occupancy and 85% pass renewal rate. Specific results depend on the location and initial situation of the studio.\n                        <\/div>\r\n                    <\/div>\r\n                <\/div>\r\n            <\/div>\r\n                    <div class=\"accordion-item mb-15\" >\r\n                <h2 class=\"accordion-header collapsed\" id=\"heading-772-4\">\r\n                    <button class=\"accordion-button\"\r\n                    type=\"button\"\r\n                    data-bs-toggle=\"collapse\"\r\n                    data-bs-target=\"#collapse-772-4\"\r\n                    aria-expanded=\"false\"\r\n                    aria-controls=\"collapse-772-4\">\r\n                        <span class=\"icon-2\"><i class=\"flaticon-arrow\"><\/i><\/span>\r\n                        <span class=\"title chy-heading-1\">What is the process of starting a partnership?<\/span>\r\n                        <span class=\"icon\"><i class=\"far fa-plus\"><\/i><\/span>\r\n                    <\/button>\r\n                <\/h2>\r\n                <div\r\n                id=\"collapse-772-4\"\r\n                class=\"accordion-collapse collapse show\"\r\n                aria-labelledby=\"heading-772-4\"\r\n                data-bs-parent=\"#accordionExample_772\">\r\n                    <div class=\"accordion-body\">\r\n                        <div class=\"disc chy-para-1\">\r\n                            We start with a qualification form and consultation. We then create a personalized strategy and begin implementation. We only work with selected studios that meet our criteria.\n                        <\/div>\r\n                    <\/div>\r\n                <\/div>\r\n            <\/div>\r\n                    <div class=\"accordion-item mb-15\" >\r\n                <h2 class=\"accordion-header collapsed\" id=\"heading-772-5\">\r\n                    <button class=\"accordion-button\"\r\n                    type=\"button\"\r\n                    data-bs-toggle=\"collapse\"\r\n                    data-bs-target=\"#collapse-772-5\"\r\n                    aria-expanded=\"false\"\r\n                    aria-controls=\"collapse-772-5\">\r\n                        <span class=\"icon-2\"><i class=\"flaticon-arrow\"><\/i><\/span>\r\n                        <span class=\"title chy-heading-1\">What sets you apart from other agencies?<\/span>\r\n                        <span class=\"icon\"><i class=\"far fa-plus\"><\/i><\/span>\r\n                    <\/button>\r\n                <\/h2>\r\n                <div\r\n                id=\"collapse-772-5\"\r\n                class=\"accordion-collapse collapse show\"\r\n                aria-labelledby=\"heading-772-5\"\r\n                data-bs-parent=\"#accordionExample_772\">\r\n                    <div class=\"accordion-body\">\r\n                        <div class=\"disc chy-para-1\">\r\n                            We are the only agency in Poland specializing exclusively in promoting Pilates studios with reformers. Our strategies are based on real data and experience in the premium fitness industry.\n                        <\/div>\r\n                    <\/div>\r\n                <\/div>\r\n            <\/div>\r\n            <\/div>\r\n<\/div>\t\t\t\t<\/div>\n\t\t\t\t<\/div>\n\t\t\t\t\t<\/div>\n\t\t<\/div>\n\t\t\t\t\t<\/div>\n\t\t<\/section>\n\t\t\t\t\t<\/div>\n\t\t<\/div>\n\t\t\t\t\t<\/div>\n\t\t<\/section>\n\t\t\t\t<\/div>","protected":false},"excerpt":{"rendered":"<p>Popularne Pytania Najcz\u0119\u015bciej Zadawane Pytania Odpowiadamy na najcz\u0119\u015bciej pojawiaj\u0105ce si\u0119 pytania dotycz\u0105ce wsp\u00f3\u0142pracy i rozwoju studi\u00f3w pilates z reformerami. Zg\u0142o\u015b Si\u0119 Jakie us\u0142ugi oferujecie studiom pilates? Zapewniamy kompleksow\u0105 obs\u0142ug\u0119 marketingow\u0105, w tym: kampanie Facebook Ads i Google Ads, automatyzacj\u0119 sprzeda\u017cy, marketing SMS i email, systemy rezerwacji online oraz strategie budowania marki premium. Dlaczego specjalizujecie si\u0119 [&hellip;]<\/p>","protected":false},"author":1,"featured_media":0,"parent":0,"menu_order":0,"comment_status":"closed","ping_status":"closed","template":"elementor_header_footer","meta":{"inline_featured_image":false,"_monsterinsights_skip_tracking":false,"_monsterinsights_sitenote_active":false,"_monsterinsights_sitenote_note":"","_monsterinsights_sitenote_category":0,"footnotes":""},"class_list":["post-703","page","type-page","status-publish","hentry"],"yoast_head":"<!-- This site is optimized with the Yoast SEO Premium plugin v22.9 (Yoast SEO v24.2) - https:\/\/yoast.com\/wordpress\/plugins\/seo\/ -->\n<title>Faq - Marketing Pilates<\/title>\n<meta name=\"robots\" content=\"index, follow, max-snippet:-1, max-image-preview:large, max-video-preview:-1\" \/>\n<link rel=\"canonical\" href=\"https:\/\/marketingpilates.com\/en\/faq\/\" \/>\n<meta property=\"og:locale\" content=\"en_US\" \/>\n<meta property=\"og:type\" content=\"article\" \/>\n<meta property=\"og:title\" content=\"Faq\" \/>\n<meta property=\"og:description\" content=\"Popularne Pytania Najcz\u0119\u015bciej Zadawane Pytania Odpowiadamy na najcz\u0119\u015bciej pojawiaj\u0105ce si\u0119 pytania dotycz\u0105ce wsp\u00f3\u0142pracy i rozwoju studi\u00f3w pilates z reformerami. Zg\u0142o\u015b Si\u0119 Jakie us\u0142ugi oferujecie studiom pilates? Zapewniamy kompleksow\u0105 obs\u0142ug\u0119 marketingow\u0105, w tym: kampanie Facebook Ads i Google Ads, automatyzacj\u0119 sprzeda\u017cy, marketing SMS i email, systemy rezerwacji online oraz strategie budowania marki premium. Dlaczego specjalizujecie si\u0119 [&hellip;]\" \/>\n<meta property=\"og:url\" content=\"https:\/\/marketingpilates.com\/en\/faq\/\" \/>\n<meta property=\"og:site_name\" content=\"Marketing Pilates\" \/>\n<meta property=\"article:modified_time\" content=\"2025-01-19T20:59:05+00:00\" \/>\n<meta name=\"twitter:card\" content=\"summary_large_image\" \/>\n<meta name=\"twitter:label1\" content=\"Est. reading time\" \/>\n\t<meta name=\"twitter:data1\" content=\"2 minutes\" \/>\n<script type=\"application\/ld+json\" class=\"yoast-schema-graph\">{\"@context\":\"https:\/\/schema.org\",\"@graph\":[{\"@type\":\"WebPage\",\"@id\":\"https:\/\/marketingpilates.com\/faq\/\",\"url\":\"https:\/\/marketingpilates.com\/faq\/\",\"name\":\"Faq - Marketing Pilates\",\"isPartOf\":{\"@id\":\"https:\/\/marketingpilates.com\/#website\"},\"datePublished\":\"2024-01-08T20:05:46+00:00\",\"dateModified\":\"2025-01-19T20:59:05+00:00\",\"breadcrumb\":{\"@id\":\"https:\/\/marketingpilates.com\/faq\/#breadcrumb\"},\"inLanguage\":\"en-US\",\"potentialAction\":[{\"@type\":\"ReadAction\",\"target\":[\"https:\/\/marketingpilates.com\/faq\/\"]}]},{\"@type\":\"BreadcrumbList\",\"@id\":\"https:\/\/marketingpilates.com\/faq\/#breadcrumb\",\"itemListElement\":[{\"@type\":\"ListItem\",\"position\":1,\"name\":\"Strona g\u0142\u00f3wna\",\"item\":\"https:\/\/marketingpilates.com\/\"},{\"@type\":\"ListItem\",\"position\":2,\"name\":\"Faq\"}]},{\"@type\":\"WebSite\",\"@id\":\"https:\/\/marketingpilates.com\/#website\",\"url\":\"https:\/\/marketingpilates.com\/\",\"name\":\"Marketing Pilates\",\"description\":\"Marketing dla studio pilatesu\",\"publisher\":{\"@id\":\"https:\/\/marketingpilates.com\/#organization\"},\"potentialAction\":[{\"@type\":\"SearchAction\",\"target\":{\"@type\":\"EntryPoint\",\"urlTemplate\":\"https:\/\/marketingpilates.com\/?s={search_term_string}\"},\"query-input\":{\"@type\":\"PropertyValueSpecification\",\"valueRequired\":true,\"valueName\":\"search_term_string\"}}],\"inLanguage\":\"en-US\"},{\"@type\":\"Organization\",\"@id\":\"https:\/\/marketingpilates.com\/#organization\",\"name\":\"Marketing Pilates\",\"alternateName\":\"Marketing dla Pilatesu\",\"url\":\"https:\/\/marketingpilates.com\/\",\"logo\":{\"@type\":\"ImageObject\",\"inLanguage\":\"en-US\",\"@id\":\"https:\/\/marketingpilates.com\/#\/schema\/logo\/image\/\",\"url\":\"https:\/\/marketingpilates.com\/wp-content\/uploads\/2023\/12\/StooodioPilatess-11.png\",\"contentUrl\":\"https:\/\/marketingpilates.com\/wp-content\/uploads\/2023\/12\/StooodioPilatess-11.png\",\"width\":712,\"height\":113,\"caption\":\"Marketing Pilates\"},\"image\":{\"@id\":\"https:\/\/marketingpilates.com\/#\/schema\/logo\/image\/\"},\"description\":\"Pierwsza agencja dla studio pilatesu, pr\u0119\u017cnie dzia\u0142aj\u0105ca od 2022 roku.\"}]}<\/script>\n<!-- \/ Yoast SEO Premium plugin. -->","yoast_head_json":{"title":"Faq - Marketing Pilates","robots":{"index":"index","follow":"follow","max-snippet":"max-snippet:-1","max-image-preview":"max-image-preview:large","max-video-preview":"max-video-preview:-1"},"canonical":"https:\/\/marketingpilates.com\/en\/faq\/","og_locale":"en_US","og_type":"article","og_title":"Faq","og_description":"Popularne Pytania Najcz\u0119\u015bciej Zadawane Pytania Odpowiadamy na najcz\u0119\u015bciej pojawiaj\u0105ce si\u0119 pytania dotycz\u0105ce wsp\u00f3\u0142pracy i rozwoju studi\u00f3w pilates z reformerami. Zg\u0142o\u015b Si\u0119 Jakie us\u0142ugi oferujecie studiom pilates? Zapewniamy kompleksow\u0105 obs\u0142ug\u0119 marketingow\u0105, w tym: kampanie Facebook Ads i Google Ads, automatyzacj\u0119 sprzeda\u017cy, marketing SMS i email, systemy rezerwacji online oraz strategie budowania marki premium. Dlaczego specjalizujecie si\u0119 [&hellip;]","og_url":"https:\/\/marketingpilates.com\/en\/faq\/","og_site_name":"Marketing Pilates","article_modified_time":"2025-01-19T20:59:05+00:00","twitter_card":"summary_large_image","twitter_misc":{"Est. reading time":"2 minutes"},"schema":{"@context":"https:\/\/schema.org","@graph":[{"@type":"WebPage","@id":"https:\/\/marketingpilates.com\/faq\/","url":"https:\/\/marketingpilates.com\/faq\/","name":"Faq - Marketing Pilates","isPartOf":{"@id":"https:\/\/marketingpilates.com\/#website"},"datePublished":"2024-01-08T20:05:46+00:00","dateModified":"2025-01-19T20:59:05+00:00","breadcrumb":{"@id":"https:\/\/marketingpilates.com\/faq\/#breadcrumb"},"inLanguage":"en-US","potentialAction":[{"@type":"ReadAction","target":["https:\/\/marketingpilates.com\/faq\/"]}]},{"@type":"BreadcrumbList","@id":"https:\/\/marketingpilates.com\/faq\/#breadcrumb","itemListElement":[{"@type":"ListItem","position":1,"name":"Strona g\u0142\u00f3wna","item":"https:\/\/marketingpilates.com\/"},{"@type":"ListItem","position":2,"name":"Faq"}]},{"@type":"WebSite","@id":"https:\/\/marketingpilates.com\/#website","url":"https:\/\/marketingpilates.com\/","name":"Marketing Pilates","description":"Marketing dla studio pilatesu","publisher":{"@id":"https:\/\/marketingpilates.com\/#organization"},"potentialAction":[{"@type":"SearchAction","target":{"@type":"EntryPoint","urlTemplate":"https:\/\/marketingpilates.com\/?s={search_term_string}"},"query-input":{"@type":"PropertyValueSpecification","valueRequired":true,"valueName":"search_term_string"}}],"inLanguage":"en-US"},{"@type":"Organization","@id":"https:\/\/marketingpilates.com\/#organization","name":"Marketing Pilates","alternateName":"Marketing dla Pilatesu","url":"https:\/\/marketingpilates.com\/","logo":{"@type":"ImageObject","inLanguage":"en-US","@id":"https:\/\/marketingpilates.com\/#\/schema\/logo\/image\/","url":"https:\/\/marketingpilates.com\/wp-content\/uploads\/2023\/12\/StooodioPilatess-11.png","contentUrl":"https:\/\/marketingpilates.com\/wp-content\/uploads\/2023\/12\/StooodioPilatess-11.png","width":712,"height":113,"caption":"Marketing Pilates"},"image":{"@id":"https:\/\/marketingpilates.com\/#\/schema\/logo\/image\/"},"description":"Pierwsza agencja dla studio pilatesu, pr\u0119\u017cnie dzia\u0142aj\u0105ca od 2022 roku."}]}},"_links":{"self":[{"href":"https:\/\/marketingpilates.com\/en\/wp-json\/wp\/v2\/pages\/703","targetHints":{"allow":["GET"]}}],"collection":[{"href":"https:\/\/marketingpilates.com\/en\/wp-json\/wp\/v2\/pages"}],"about":[{"href":"https:\/\/marketingpilates.com\/en\/wp-json\/wp\/v2\/types\/page"}],"author":[{"embeddable":true,"href":"https:\/\/marketingpilates.com\/en\/wp-json\/wp\/v2\/users\/1"}],"replies":[{"embeddable":true,"href":"https:\/\/marketingpilates.com\/en\/wp-json\/wp\/v2\/comments?post=703"}],"version-history":[{"count":8,"href":"https:\/\/marketingpilates.com\/en\/wp-json\/wp\/v2\/pages\/703\/revisions"}],"predecessor-version":[{"id":2376,"href":"https:\/\/marketingpilates.com\/en\/wp-json\/wp\/v2\/pages\/703\/revisions\/2376"}],"wp:attachment":[{"href":"https:\/\/marketingpilates.com\/en\/wp-json\/wp\/v2\/media?parent=703"}],"curies":[{"name":"wp","href":"https:\/\/api.w.org\/{rel}","templated":true}]}}