{"id":701,"date":"2024-01-08T20:05:30","date_gmt":"2024-01-08T20:05:30","guid":{"rendered":"https:\/\/themexriver.com\/wp\/choicy-wp?page_id=701"},"modified":"2024-01-08T20:05:30","modified_gmt":"2024-01-08T20:05:30","slug":"job-apply","status":"publish","type":"page","link":"https:\/\/marketingpilates.com\/en\/job-apply\/","title":{"rendered":"Job Apply"},"content":{"rendered":"<div data-elementor-type=\"wp-page\" data-elementor-id=\"701\" class=\"elementor elementor-701\" data-elementor-post-type=\"page\">\n\t\t\t\t\t\t<section class=\"elementor-section elementor-top-section elementor-element elementor-element-54789e0 elementor-section-full_width fix elementor-section-height-default elementor-section-height-default\" data-id=\"54789e0\" data-element_type=\"section\" data-settings=\"{&quot;background_background&quot;:&quot;classic&quot;}\">\n\t\t\t\t\t\t<div class=\"elementor-container elementor-column-gap-default\">\n\t\t\t\t\t<div class=\"elementor-column elementor-col-100 elementor-top-column elementor-element elementor-element-0e94527\" data-id=\"0e94527\" data-element_type=\"column\">\n\t\t\t<div class=\"elementor-widget-wrap elementor-element-populated\">\n\t\t\t\t\t\t<section class=\"elementor-section elementor-inner-section elementor-element elementor-element-80d84db elementor-section-full_width elementor-section-height-default elementor-section-height-default\" data-id=\"80d84db\" data-element_type=\"section\">\n\t\t\t\t\t\t<div class=\"elementor-container elementor-column-gap-default\">\n\t\t\t\t\t<div class=\"elementor-column elementor-col-100 elementor-inner-column elementor-element elementor-element-0baf9f0\" data-id=\"0baf9f0\" data-element_type=\"column\">\n\t\t\t<div class=\"elementor-widget-wrap elementor-element-populated\">\n\t\t\t\t\t\t<div class=\"elementor-element elementor-element-a1afba3 elementor-widget elementor-widget-tx_heading elh-el tx_heading\" data-id=\"a1afba3\" data-element_type=\"widget\" data-settings=\"{&quot;design_style&quot;:&quot;style_1&quot;}\" data-widget_type=\"tx_heading.default\">\n\t\t\t\t<div class=\"elementor-widget-container\">\n\t\t\t\t\t<div class=\"section-title-wrap text-center\">\r\n        <h5 class=\"chy-subtitle-1 tx-subTitle wow fadeInDown isShape\">\r\n        JOB APPLY    <\/h5>\r\n    \r\n    <h2 class=\"tx-title chy-title-1 chy-split-text chy-split-in-right\">Apply For This Job<\/h2>\r\n        <p class=\"tx-description chy-para-1 wow\">\r\n        Quisque sit amet faucibus magna. Donec purus mi, commodo id commodo vel, imperdiet<br> ut mauris. Ut ultricies arcu risus, malesuada    <\/p>\r\n    <\/div>\t\t\t\t<\/div>\n\t\t\t\t<\/div>\n\t\t\t\t\t<\/div>\n\t\t<\/div>\n\t\t\t\t\t<\/div>\n\t\t<\/section>\n\t\t\t\t<section class=\"elementor-section elementor-inner-section elementor-element elementor-element-d689b8e jobs-apply-area elementor-section-boxed elementor-section-height-default elementor-section-height-default\" data-id=\"d689b8e\" data-element_type=\"section\">\n\t\t\t\t\t\t<div class=\"elementor-container elementor-column-gap-default\">\n\t\t\t\t\t<div class=\"elementor-column elementor-col-100 elementor-inner-column elementor-element elementor-element-ef3b29d\" data-id=\"ef3b29d\" data-element_type=\"column\" data-settings=\"{&quot;background_background&quot;:&quot;classic&quot;}\">\n\t\t\t<div class=\"elementor-widget-wrap elementor-element-populated\">\n\t\t\t\t\t\t<div class=\"elementor-element elementor-element-b8bda7c elementor-widget elementor-widget-shortcode\" data-id=\"b8bda7c\" data-element_type=\"widget\" data-widget_type=\"shortcode.default\">\n\t\t\t\t<div class=\"elementor-widget-container\">\n\t\t\t\t\t\t\t<div class=\"elementor-shortcode\">\n<div class=\"wpcf7 no-js\" id=\"wpcf7-f1361-o1\" lang=\"en-US\" dir=\"ltr\" data-wpcf7-id=\"1361\">\n<div class=\"screen-reader-response\"><p role=\"status\" aria-live=\"polite\" aria-atomic=\"true\"><\/p> <ul><\/ul><\/div>\n<form action=\"\/en\/wp-json\/wp\/v2\/pages\/701#wpcf7-f1361-o1\" method=\"post\" class=\"wpcf7-form init\" aria-label=\"Contact form\" enctype=\"multipart\/form-data\" novalidate=\"novalidate\" data-status=\"init\" data-trp-original-action=\"\/en\/wp-json\/wp\/v2\/pages\/701#wpcf7-f1361-o1\">\n<div style=\"display: none;\">\n<input type=\"hidden\" name=\"_wpcf7\" value=\"1361\" \/>\n<input type=\"hidden\" name=\"_wpcf7_version\" value=\"6.0.2\" \/>\n<input type=\"hidden\" name=\"_wpcf7_locale\" value=\"en_US\" \/>\n<input type=\"hidden\" name=\"_wpcf7_unit_tag\" value=\"wpcf7-f1361-o1\" \/>\n<input type=\"hidden\" name=\"_wpcf7_container_post\" value=\"0\" \/>\n<input type=\"hidden\" name=\"_wpcf7_posted_data_hash\" value=\"\" \/>\n<\/div>\n<div class=\"contact-form tx-input-field\">\n    <div class=\"row\">\n        <div class=\"col-xl-6\">\n            <span class=\"wpcf7-form-control-wrap\" data-name=\"text-505\"><input size=\"40\" maxlength=\"400\" class=\"wpcf7-form-control wpcf7-text wpcf7-validates-as-required\" aria-required=\"true\" aria-invalid=\"false\" placeholder=\"first name\" value=\"\" type=\"text\" name=\"text-505\" \/><\/span>\n        <\/div>\n        <div class=\"col-xl-6\">\n            <span class=\"wpcf7-form-control-wrap\" data-name=\"text-506\"><input size=\"40\" maxlength=\"400\" class=\"wpcf7-form-control wpcf7-text wpcf7-validates-as-required\" aria-required=\"true\" aria-invalid=\"false\" placeholder=\"last name\" value=\"\" type=\"text\" name=\"text-506\" \/><\/span>\n        <\/div>\n        <div class=\"col-xl-6\">\n            <span class=\"wpcf7-form-control-wrap\" data-name=\"tel-560\"><input size=\"40\" maxlength=\"400\" class=\"wpcf7-form-control wpcf7-tel wpcf7-validates-as-required wpcf7-text wpcf7-validates-as-tel\" aria-required=\"true\" aria-invalid=\"false\" placeholder=\"phone number\" value=\"\" type=\"tel\" name=\"tel-560\" \/><\/span>\n        <\/div>\n        <div class=\"col-xl-6\">\n            <span class=\"wpcf7-form-control-wrap\" data-name=\"text-507\"><input size=\"40\" maxlength=\"400\" class=\"wpcf7-form-control wpcf7-text wpcf7-validates-as-required\" aria-required=\"true\" aria-invalid=\"false\" placeholder=\"location (city)\" value=\"\" type=\"text\" name=\"text-507\" \/><\/span>\n        <\/div>\n        <div class=\"col-xl-6\">\n            <span class=\"wpcf7-form-control-wrap\" data-name=\"email-789\"><input size=\"40\" maxlength=\"400\" class=\"wpcf7-form-control wpcf7-email wpcf7-validates-as-required wpcf7-text wpcf7-validates-as-email\" aria-required=\"true\" aria-invalid=\"false\" placeholder=\"email address\" value=\"\" type=\"email\" name=\"email-789\" \/><\/span>\n        <\/div>\n        <div class=\"col-xl-6\">\n            <span class=\"wpcf7-form-control-wrap\" data-name=\"position-501\"><select class=\"wpcf7-form-control wpcf7-select wpcf7-validates-as-required\" aria-required=\"true\" aria-invalid=\"false\" name=\"position-501\"><option value=\"Web Designer\">Web Designer<\/option><option value=\"UI\/UX Designer\">UI\/UX Designer<\/option><option value=\"Digital Marketer\">Digital Marketer<\/option><option value=\"Support Engineer\">Support Engineer<\/option><option value=\"Support Engineer\">Support Engineer<\/option><option value=\"Web Developer\">Web Developer<\/option><\/select><\/span>\n        <\/div>\n        <div class=\"col-xl-6\">\n            <span class=\"wpcf7-form-control-wrap\" data-name=\"text-508\"><input size=\"40\" maxlength=\"400\" class=\"wpcf7-form-control wpcf7-text wpcf7-validates-as-required\" aria-required=\"true\" aria-invalid=\"false\" placeholder=\"portfolio \/ website link\" value=\"\" type=\"text\" name=\"text-508\" \/><\/span>\n        <\/div>\n        <div class=\"col-xl-6\">\n            <span class=\"wpcf7-form-control-wrap\" data-name=\"text-508\"><input size=\"40\" maxlength=\"400\" class=\"wpcf7-form-control wpcf7-text wpcf7-validates-as-required\" aria-required=\"true\" aria-invalid=\"false\" placeholder=\"your expected\" value=\"\" type=\"text\" name=\"text-508\" \/><\/span>\n        <\/div>\n        <div class=\"col-xl-6\">\n            <div class=\"upload-file pt-10 pb-10\">\n                <span class=\"chy-heading-1 title\">cv upload<\/span>\n                <div class=\"upload-file-btn-wrap\">\n                    <span class=\"wpcf7-form-control-wrap\" data-name=\"file-782\"><input size=\"40\" class=\"wpcf7-form-control wpcf7-file wpcf7-validates-as-required\" accept=\"audio\/*,video\/*,image\/*\" aria-required=\"true\" aria-invalid=\"false\" type=\"file\" name=\"file-782\" \/><\/span>\n                <\/div>\n            <\/div>\n        <\/div>\n        <div class=\"col-xl-12\">\n            <span class=\"wpcf7-form-control-wrap\" data-name=\"textarea-986\"><textarea cols=\"40\" rows=\"10\" maxlength=\"2000\" class=\"wpcf7-form-control wpcf7-textarea wpcf7-validates-as-required\" aria-required=\"true\" aria-invalid=\"false\" placeholder=\"cover letter\" name=\"textarea-986\"><\/textarea><\/span>\n        <\/div>\n        <div class=\"col-xl-12\">\n            <div class=\"btn-wrap\">\n                <button class=\"chy-pr-btn-1\" type=\"submit\" aria-label=\"jobs apply\" >\n                    <span class=\"text\">\n                        explore more\n                    <\/span>\n                    <span class=\"icon\">\n                        <i class=\"fa-solid fa-right-long\"><\/i>\n                    <\/span>\n                <\/button>\n            <\/div>\n        <\/div>\n    <\/div>\n<\/div><div class=\"wpcf7-response-output\" aria-hidden=\"true\"><\/div>\n<input type=\"hidden\" name=\"trp-form-language\" value=\"en\"\/><\/form>\n<\/div>\n<\/div>\n\t\t\t\t\t\t<\/div>\n\t\t\t\t<\/div>\n\t\t\t\t\t<\/div>\n\t\t<\/div>\n\t\t\t\t\t<\/div>\n\t\t<\/section>\n\t\t\t\t\t<\/div>\n\t\t<\/div>\n\t\t\t\t\t<\/div>\n\t\t<\/section>\n\t\t\t\t<\/div>","protected":false},"excerpt":{"rendered":"<p>JOB APPLY Apply For This Job Quisque sit amet faucibus magna. Donec purus mi, commodo id commodo vel, imperdiet ut mauris. Ut ultricies arcu risus, malesuada<\/p>","protected":false},"author":1,"featured_media":0,"parent":0,"menu_order":0,"comment_status":"closed","ping_status":"closed","template":"elementor_header_footer","meta":{"inline_featured_image":false,"_monsterinsights_skip_tracking":false,"_monsterinsights_sitenote_active":false,"_monsterinsights_sitenote_note":"","_monsterinsights_sitenote_category":0,"footnotes":""},"class_list":["post-701","page","type-page","status-publish","hentry"],"yoast_head":"<!-- This site is optimized with the Yoast SEO Premium plugin v22.9 (Yoast SEO v24.2) - https:\/\/yoast.com\/wordpress\/plugins\/seo\/ -->\n<title>Job Apply - Marketing Pilates<\/title>\n<meta name=\"robots\" content=\"index, follow, max-snippet:-1, max-image-preview:large, max-video-preview:-1\" \/>\n<link rel=\"canonical\" href=\"https:\/\/marketingpilates.com\/en\/job-apply\/\" \/>\n<meta property=\"og:locale\" content=\"en_US\" \/>\n<meta property=\"og:type\" content=\"article\" \/>\n<meta property=\"og:title\" content=\"Job Apply\" \/>\n<meta property=\"og:description\" content=\"JOB APPLY Apply For This Job Quisque sit amet faucibus magna. Donec purus mi, commodo id commodo vel, imperdiet ut mauris. Ut ultricies arcu risus, malesuada\" \/>\n<meta property=\"og:url\" content=\"https:\/\/marketingpilates.com\/en\/job-apply\/\" \/>\n<meta property=\"og:site_name\" content=\"Marketing Pilates\" \/>\n<meta name=\"twitter:card\" content=\"summary_large_image\" \/>\n<script type=\"application\/ld+json\" class=\"yoast-schema-graph\">{\"@context\":\"https:\/\/schema.org\",\"@graph\":[{\"@type\":\"WebPage\",\"@id\":\"https:\/\/marketingpilates.com\/job-apply\/\",\"url\":\"https:\/\/marketingpilates.com\/job-apply\/\",\"name\":\"Job Apply - Marketing Pilates\",\"isPartOf\":{\"@id\":\"https:\/\/marketingpilates.com\/#website\"},\"datePublished\":\"2024-01-08T20:05:30+00:00\",\"dateModified\":\"2024-01-08T20:05:30+00:00\",\"breadcrumb\":{\"@id\":\"https:\/\/marketingpilates.com\/job-apply\/#breadcrumb\"},\"inLanguage\":\"en-US\",\"potentialAction\":[{\"@type\":\"ReadAction\",\"target\":[\"https:\/\/marketingpilates.com\/job-apply\/\"]}]},{\"@type\":\"BreadcrumbList\",\"@id\":\"https:\/\/marketingpilates.com\/job-apply\/#breadcrumb\",\"itemListElement\":[{\"@type\":\"ListItem\",\"position\":1,\"name\":\"Strona g\u0142\u00f3wna\",\"item\":\"https:\/\/marketingpilates.com\/\"},{\"@type\":\"ListItem\",\"position\":2,\"name\":\"Job Apply\"}]},{\"@type\":\"WebSite\",\"@id\":\"https:\/\/marketingpilates.com\/#website\",\"url\":\"https:\/\/marketingpilates.com\/\",\"name\":\"Marketing Pilates\",\"description\":\"Marketing dla studio pilatesu\",\"publisher\":{\"@id\":\"https:\/\/marketingpilates.com\/#organization\"},\"potentialAction\":[{\"@type\":\"SearchAction\",\"target\":{\"@type\":\"EntryPoint\",\"urlTemplate\":\"https:\/\/marketingpilates.com\/?s={search_term_string}\"},\"query-input\":{\"@type\":\"PropertyValueSpecification\",\"valueRequired\":true,\"valueName\":\"search_term_string\"}}],\"inLanguage\":\"en-US\"},{\"@type\":\"Organization\",\"@id\":\"https:\/\/marketingpilates.com\/#organization\",\"name\":\"Marketing Pilates\",\"alternateName\":\"Marketing dla Pilatesu\",\"url\":\"https:\/\/marketingpilates.com\/\",\"logo\":{\"@type\":\"ImageObject\",\"inLanguage\":\"en-US\",\"@id\":\"https:\/\/marketingpilates.com\/#\/schema\/logo\/image\/\",\"url\":\"https:\/\/marketingpilates.com\/wp-content\/uploads\/2023\/12\/StooodioPilatess-11.png\",\"contentUrl\":\"https:\/\/marketingpilates.com\/wp-content\/uploads\/2023\/12\/StooodioPilatess-11.png\",\"width\":712,\"height\":113,\"caption\":\"Marketing Pilates\"},\"image\":{\"@id\":\"https:\/\/marketingpilates.com\/#\/schema\/logo\/image\/\"},\"description\":\"Pierwsza agencja dla studio pilatesu, pr\u0119\u017cnie dzia\u0142aj\u0105ca od 2022 roku.\"}]}<\/script>\n<!-- \/ Yoast SEO Premium plugin. -->","yoast_head_json":{"title":"Job Apply - Marketing Pilates","robots":{"index":"index","follow":"follow","max-snippet":"max-snippet:-1","max-image-preview":"max-image-preview:large","max-video-preview":"max-video-preview:-1"},"canonical":"https:\/\/marketingpilates.com\/en\/job-apply\/","og_locale":"en_US","og_type":"article","og_title":"Job Apply","og_description":"JOB APPLY Apply For This Job Quisque sit amet faucibus magna. Donec purus mi, commodo id commodo vel, imperdiet ut mauris. Ut ultricies arcu risus, malesuada","og_url":"https:\/\/marketingpilates.com\/en\/job-apply\/","og_site_name":"Marketing Pilates","twitter_card":"summary_large_image","schema":{"@context":"https:\/\/schema.org","@graph":[{"@type":"WebPage","@id":"https:\/\/marketingpilates.com\/job-apply\/","url":"https:\/\/marketingpilates.com\/job-apply\/","name":"Job Apply - Marketing Pilates","isPartOf":{"@id":"https:\/\/marketingpilates.com\/#website"},"datePublished":"2024-01-08T20:05:30+00:00","dateModified":"2024-01-08T20:05:30+00:00","breadcrumb":{"@id":"https:\/\/marketingpilates.com\/job-apply\/#breadcrumb"},"inLanguage":"en-US","potentialAction":[{"@type":"ReadAction","target":["https:\/\/marketingpilates.com\/job-apply\/"]}]},{"@type":"BreadcrumbList","@id":"https:\/\/marketingpilates.com\/job-apply\/#breadcrumb","itemListElement":[{"@type":"ListItem","position":1,"name":"Strona g\u0142\u00f3wna","item":"https:\/\/marketingpilates.com\/"},{"@type":"ListItem","position":2,"name":"Job Apply"}]},{"@type":"WebSite","@id":"https:\/\/marketingpilates.com\/#website","url":"https:\/\/marketingpilates.com\/","name":"Marketing Pilates","description":"Marketing dla studio pilatesu","publisher":{"@id":"https:\/\/marketingpilates.com\/#organization"},"potentialAction":[{"@type":"SearchAction","target":{"@type":"EntryPoint","urlTemplate":"https:\/\/marketingpilates.com\/?s={search_term_string}"},"query-input":{"@type":"PropertyValueSpecification","valueRequired":true,"valueName":"search_term_string"}}],"inLanguage":"en-US"},{"@type":"Organization","@id":"https:\/\/marketingpilates.com\/#organization","name":"Marketing Pilates","alternateName":"Marketing dla Pilatesu","url":"https:\/\/marketingpilates.com\/","logo":{"@type":"ImageObject","inLanguage":"en-US","@id":"https:\/\/marketingpilates.com\/#\/schema\/logo\/image\/","url":"https:\/\/marketingpilates.com\/wp-content\/uploads\/2023\/12\/StooodioPilatess-11.png","contentUrl":"https:\/\/marketingpilates.com\/wp-content\/uploads\/2023\/12\/StooodioPilatess-11.png","width":712,"height":113,"caption":"Marketing Pilates"},"image":{"@id":"https:\/\/marketingpilates.com\/#\/schema\/logo\/image\/"},"description":"Pierwsza agencja dla studio pilatesu, pr\u0119\u017cnie dzia\u0142aj\u0105ca od 2022 roku."}]}},"_links":{"self":[{"href":"https:\/\/marketingpilates.com\/en\/wp-json\/wp\/v2\/pages\/701","targetHints":{"allow":["GET"]}}],"collection":[{"href":"https:\/\/marketingpilates.com\/en\/wp-json\/wp\/v2\/pages"}],"about":[{"href":"https:\/\/marketingpilates.com\/en\/wp-json\/wp\/v2\/types\/page"}],"author":[{"embeddable":true,"href":"https:\/\/marketingpilates.com\/en\/wp-json\/wp\/v2\/users\/1"}],"replies":[{"embeddable":true,"href":"https:\/\/marketingpilates.com\/en\/wp-json\/wp\/v2\/comments?post=701"}],"version-history":[{"count":0,"href":"https:\/\/marketingpilates.com\/en\/wp-json\/wp\/v2\/pages\/701\/revisions"}],"wp:attachment":[{"href":"https:\/\/marketingpilates.com\/en\/wp-json\/wp\/v2\/media?parent=701"}],"curies":[{"name":"wp","href":"https:\/\/api.w.org\/{rel}","templated":true}]}}